{"id":4834,"date":"2024-12-15T00:05:29","date_gmt":"2024-12-15T00:05:29","guid":{"rendered":"https:\/\/vilamuhr.si\/dozivetja\/"},"modified":"2025-08-29T21:55:50","modified_gmt":"2025-08-29T21:55:50","slug":"dozivetja","status":"publish","type":"page","link":"https:\/\/vilamuhr.si\/sl\/dozivetja\/","title":{"rendered":"Storitve"},"content":{"rendered":"\t\t<div data-elementor-type=\"wp-page\" data-elementor-id=\"4834\" class=\"elementor elementor-4834 elementor-3540\" data-elementor-post-type=\"page\">\n\t\t\t\t<div data-dce-background-overlay-color=\"#000000\" data-dce-background-image-url=\"https:\/\/vilamuhr.si\/wp-content\/uploads\/2024\/10\/VM_hero-back.png\" class=\"elementor-element elementor-element-21be8c4 e-flex e-con-boxed e-con e-parent\" data-id=\"21be8c4\" data-element_type=\"container\" data-settings=\"{&quot;background_background&quot;:&quot;classic&quot;}\">\n\t\t\t\t\t<div class=\"e-con-inner\">\n\t\t<div class=\"elementor-element elementor-element-2c9a6c5 e-con-full e-flex e-con e-child\" data-id=\"2c9a6c5\" data-element_type=\"container\">\n\t\t\t\t<div class=\"elementor-element elementor-element-fe6299e elementor-widget-mobile__width-inherit elementor-widget elementor-widget-heading\" data-id=\"fe6299e\" data-element_type=\"widget\" data-widget_type=\"heading.default\">\n\t\t\t\t<div class=\"elementor-widget-container\">\n\t\t\t\t\t<h2 class=\"elementor-heading-title elementor-size-default\">Storitve<\/h2>\t\t\t\t<\/div>\n\t\t\t\t<\/div>\n\t\t\t\t<\/div>\n\t\t\t\t\t<\/div>\n\t\t\t\t<\/div>\n\t\t<div class=\"elementor-element elementor-element-01ea77d e-flex e-con-boxed e-con e-parent\" data-id=\"01ea77d\" data-element_type=\"container\" data-settings=\"{&quot;background_background&quot;:&quot;classic&quot;}\">\n\t\t\t\t\t<div class=\"e-con-inner\">\n\t\t<div class=\"elementor-element elementor-element-705f1a2 e-con-full e-flex e-con e-child\" data-id=\"705f1a2\" data-element_type=\"container\" data-settings=\"{&quot;background_background&quot;:&quot;classic&quot;}\">\n\t\t\t\t<div class=\"elementor-element elementor-element-e0a7bbe elementor-widget elementor-widget-heading\" data-id=\"e0a7bbe\" data-element_type=\"widget\" data-widget_type=\"heading.default\">\n\t\t\t\t<div class=\"elementor-widget-container\">\n\t\t\t\t\t<h2 class=\"elementor-heading-title elementor-size-default\">individualna pozornost<\/h2>\t\t\t\t<\/div>\n\t\t\t\t<\/div>\n\t\t\t\t<div class=\"elementor-element elementor-element-41130ba elementor-widget elementor-widget-heading\" data-id=\"41130ba\" data-element_type=\"widget\" data-widget_type=\"heading.default\">\n\t\t\t\t<div class=\"elementor-widget-container\">\n\t\t\t\t\t<h2 class=\"elementor-heading-title elementor-size-default\">Concierge Storitve<\/h2>\t\t\t\t<\/div>\n\t\t\t\t<\/div>\n\t\t\t\t<div class=\"elementor-element elementor-element-e2eaba8 elementor-widget elementor-widget-text-editor\" data-id=\"e2eaba8\" data-element_type=\"widget\" data-widget_type=\"text-editor.default\">\n\t\t\t\t<div class=\"elementor-widget-container\">\n\t\t\t\t\t\t\t\t\t<p>Na\u0161a predana ekipa bo poskrbela, da bo va\u0161e bivanje prijetno in nemoteno. Ne glede na to, ali potrebujete pomo\u010d pri rezervacijah, lokalnih priporo\u010dilih ali osebnih izku\u0161njah, vam je na\u0161 concierge vedno pripravljen pomagati. <\/p>\t\t\t\t\t\t\t\t<\/div>\n\t\t\t\t<\/div>\n\t\t<!-- dce invisible element 4b03b7d -->\t\t<\/div>\n\t\t<div data-dce-background-image-url=\"https:\/\/vilamuhr.si\/wp-content\/uploads\/2025\/01\/Vila-Muhr_Concierge-Services_Bohinj.png\" class=\"elementor-element elementor-element-61eb52a e-con-full e-flex e-con e-child\" data-id=\"61eb52a\" data-element_type=\"container\" data-settings=\"{&quot;background_background&quot;:&quot;classic&quot;}\">\n\t\t\t\t<\/div>\n\t\t\t\t\t<\/div>\n\t\t\t\t<\/div>\n\t\t<div class=\"elementor-element elementor-element-26b5105 e-flex e-con-boxed e-con e-parent\" data-id=\"26b5105\" data-element_type=\"container\" data-settings=\"{&quot;background_background&quot;:&quot;classic&quot;}\">\n\t\t\t\t\t<div class=\"e-con-inner\">\n\t\t<div class=\"elementor-element elementor-element-0b7154f e-con-full e-flex e-con e-child\" data-id=\"0b7154f\" data-element_type=\"container\" data-settings=\"{&quot;background_background&quot;:&quot;classic&quot;}\">\n\t\t\t\t<div class=\"elementor-element elementor-element-20b8b01 elementor-widget elementor-widget-heading\" data-id=\"20b8b01\" data-element_type=\"widget\" data-widget_type=\"heading.default\">\n\t\t\t\t<div class=\"elementor-widget-container\">\n\t\t\t\t\t<h2 class=\"elementor-heading-title elementor-size-default\">Mirni u\u017eitki<\/h2>\t\t\t\t<\/div>\n\t\t\t\t<\/div>\n\t\t\t\t<div class=\"elementor-element elementor-element-f788ee3 elementor-widget elementor-widget-heading\" data-id=\"f788ee3\" data-element_type=\"widget\" data-widget_type=\"heading.default\">\n\t\t\t\t<div class=\"elementor-widget-container\">\n\t\t\t\t\t<h2 class=\"elementor-heading-title elementor-size-default\">Wellness &amp; razvajanje<\/h2>\t\t\t\t<\/div>\n\t\t\t\t<\/div>\n\t\t\t\t<div class=\"elementor-element elementor-element-934ad5d elementor-widget elementor-widget-text-editor\" data-id=\"934ad5d\" data-element_type=\"widget\" data-widget_type=\"text-editor.default\">\n\t\t\t\t<div class=\"elementor-widget-container\">\n\t\t\t\t\t\t\t\t\t<p>Wellness center Hotela Bohinj ponuja spro\u0161\u010dujo\u010d ambient in storitve na najvi\u0161jem nivoju. Na voljo sta finska in tur\u0161ka savna, soba s solno steno ter zunanji masa\u017eni bazen. Prav tako je na voljo bogata izbira masa\u017e in drugih tretmajev za obraz in telo. Zasebni del wellnessa, ki je na voljo za privatne najeme, vklju\u010duje manj\u0161o finsko savno in po\u010divalni prostor.   <\/p>\t\t\t\t\t\t\t\t<\/div>\n\t\t\t\t<\/div>\n\t\t<!-- dce invisible element 689cc61 -->\t\t<\/div>\n\t\t<div data-dce-background-image-url=\"https:\/\/vilamuhr.si\/wp-content\/uploads\/2025\/01\/Vila-Muhr_Wellness_Bohinj.png\" class=\"elementor-element elementor-element-03e3f47 e-con-full e-flex e-con e-child\" data-id=\"03e3f47\" data-element_type=\"container\" data-settings=\"{&quot;background_background&quot;:&quot;classic&quot;}\">\n\t\t\t\t<\/div>\n\t\t\t\t\t<\/div>\n\t\t\t\t<\/div>\n\t\t<div class=\"elementor-element elementor-element-2aea4cc e-flex e-con-boxed e-con e-parent\" data-id=\"2aea4cc\" data-element_type=\"container\" data-settings=\"{&quot;background_background&quot;:&quot;classic&quot;}\">\n\t\t\t\t\t<div class=\"e-con-inner\">\n\t\t<div class=\"elementor-element elementor-element-71e1182 e-con-full e-flex e-con e-child\" data-id=\"71e1182\" data-element_type=\"container\" data-settings=\"{&quot;background_background&quot;:&quot;classic&quot;}\">\n\t\t\t\t<div class=\"elementor-element elementor-element-b9233dc elementor-widget elementor-widget-heading\" data-id=\"b9233dc\" data-element_type=\"widget\" data-widget_type=\"heading.default\">\n\t\t\t\t<div class=\"elementor-widget-container\">\n\t\t\t\t\t<h2 class=\"elementor-heading-title elementor-size-default\">Tradicija &amp; narava<\/h2>\t\t\t\t<\/div>\n\t\t\t\t<\/div>\n\t\t\t\t<div class=\"elementor-element elementor-element-eef3164 elementor-widget elementor-widget-heading\" data-id=\"eef3164\" data-element_type=\"widget\" data-widget_type=\"heading.default\">\n\t\t\t\t<div class=\"elementor-widget-container\">\n\t\t\t\t\t<h2 class=\"elementor-heading-title elementor-size-default\">Sre\u010danja z dedi\u0161\u010dino in divjino<\/h2>\t\t\t\t<\/div>\n\t\t\t\t<\/div>\n\t\t\t\t<div class=\"elementor-element elementor-element-c06f272 elementor-widget elementor-widget-text-editor\" data-id=\"c06f272\" data-element_type=\"widget\" data-widget_type=\"text-editor.default\">\n\t\t\t\t<div class=\"elementor-widget-container\">\n\t\t\t\t\t\t\t\t\t<p>V Vili Muhr se lahko potopite v bogato tapiserijo na\u0161e okolice. Odkrijte \u017eivahno kulturo in dih jemajo\u010de pokrajine, ki zaznamujejo to o\u010darljivo regijo. Od vodenih ogledov lokalnih zgodovinskih znamenitosti do umirjenih pohodov po osupljivem Triglavskem narodnem parku \u2013 vsako do\u017eivetje je oblikovano tako, da vas pove\u017ee z lepoto in dedi\u0161\u010dino pre\u010dudovitega Bohinja.  <\/p>\t\t\t\t\t\t\t\t<\/div>\n\t\t\t\t<\/div>\n\t\t<!-- dce invisible element b9b2352 -->\t\t<\/div>\n\t\t<div data-dce-background-image-url=\"https:\/\/vilamuhr.si\/wp-content\/uploads\/2025\/01\/Vila-Muhr_Cultural_and_nature_experiences-Bohinj.png\" class=\"elementor-element elementor-element-a88d6a8 e-con-full e-flex e-con e-child\" data-id=\"a88d6a8\" data-element_type=\"container\" data-settings=\"{&quot;background_background&quot;:&quot;classic&quot;}\">\n\t\t\t\t<\/div>\n\t\t\t\t\t<\/div>\n\t\t\t\t<\/div>\n\t\t<div class=\"elementor-element elementor-element-8c6987b e-flex e-con-boxed e-con e-parent\" data-id=\"8c6987b\" data-element_type=\"container\" data-settings=\"{&quot;background_background&quot;:&quot;classic&quot;}\">\n\t\t\t\t\t<div class=\"e-con-inner\">\n\t\t<div class=\"elementor-element elementor-element-5428664 e-con-full e-flex e-con e-child\" data-id=\"5428664\" data-element_type=\"container\" data-settings=\"{&quot;background_background&quot;:&quot;classic&quot;}\">\n\t\t\t\t<div class=\"elementor-element elementor-element-9a0f6c8 elementor-widget elementor-widget-heading\" data-id=\"9a0f6c8\" data-element_type=\"widget\" data-widget_type=\"heading.default\">\n\t\t\t\t<div class=\"elementor-widget-container\">\n\t\t\t\t\t<h2 class=\"elementor-heading-title elementor-size-default\">Dnevni sijaj<\/h2>\t\t\t\t<\/div>\n\t\t\t\t<\/div>\n\t\t\t\t<div class=\"elementor-element elementor-element-8b6e5c8 elementor-widget elementor-widget-heading\" data-id=\"8b6e5c8\" data-element_type=\"widget\" data-widget_type=\"heading.default\">\n\t\t\t\t<div class=\"elementor-widget-container\">\n\t\t\t\t\t<h2 class=\"elementor-heading-title elementor-size-default\">Izbrani dogodki in priporo\u010dila<\/h2>\t\t\t\t<\/div>\n\t\t\t\t<\/div>\n\t\t\t\t<div class=\"elementor-element elementor-element-021b042 elementor-widget elementor-widget-text-editor\" data-id=\"021b042\" data-element_type=\"widget\" data-widget_type=\"text-editor.default\">\n\t\t\t\t<div class=\"elementor-widget-container\">\n\t\t\t\t\t\t\t\t\t<p>Razi\u0161\u010dite bogato zgodovino Vile na zgodovinskem sprehodu, sprostite se na vadbi joge ali pobli\u017eje spoznajte lokalno kulinariko in u\u017eivajte v izvrstnih okusih.<\/p>\t\t\t\t\t\t\t\t<\/div>\n\t\t\t\t<\/div>\n\t\t<!-- dce invisible element e85cb4c -->\t\t<\/div>\n\t\t<div data-dce-background-image-url=\"https:\/\/vilamuhr.si\/wp-content\/uploads\/2025\/01\/Vila-Muhr_Events_Bohinj.png\" class=\"elementor-element elementor-element-2eead20 e-con-full e-flex e-con e-child\" data-id=\"2eead20\" data-element_type=\"container\" data-settings=\"{&quot;background_background&quot;:&quot;classic&quot;}\">\n\t\t\t\t<\/div>\n\t\t\t\t\t<\/div>\n\t\t\t\t<\/div>\n\t\t<div class=\"elementor-element elementor-element-c49072c e-flex e-con-boxed e-con e-parent\" data-id=\"c49072c\" data-element_type=\"container\" data-settings=\"{&quot;background_background&quot;:&quot;classic&quot;}\">\n\t\t\t\t\t<div class=\"e-con-inner\">\n\t\t<div class=\"elementor-element elementor-element-e3792b3 e-con-full e-flex e-con e-child\" data-id=\"e3792b3\" data-element_type=\"container\" data-settings=\"{&quot;background_background&quot;:&quot;classic&quot;}\">\n\t\t\t\t<div class=\"elementor-element elementor-element-d0675fe elementor-widget elementor-widget-heading\" data-id=\"d0675fe\" data-element_type=\"widget\" data-widget_type=\"heading.default\">\n\t\t\t\t<div class=\"elementor-widget-container\">\n\t\t\t\t\t<h2 class=\"elementor-heading-title elementor-size-default\">Stilska vo\u017enja<\/h2>\t\t\t\t<\/div>\n\t\t\t\t<\/div>\n\t\t\t\t<div class=\"elementor-element elementor-element-1f09025 elementor-widget elementor-widget-heading\" data-id=\"1f09025\" data-element_type=\"widget\" data-widget_type=\"heading.default\">\n\t\t\t\t<div class=\"elementor-widget-container\">\n\t\t\t\t\t<h2 class=\"elementor-heading-title elementor-size-default\">VIP-prevozi in do\u017eivetja<\/h2>\t\t\t\t<\/div>\n\t\t\t\t<\/div>\n\t\t\t\t<div class=\"elementor-element elementor-element-656d615 elementor-widget elementor-widget-text-editor\" data-id=\"656d615\" data-element_type=\"widget\" data-widget_type=\"text-editor.default\">\n\t\t\t\t<div class=\"elementor-widget-container\">\n\t\t\t\t\t\t\t\t\t<p>Potujte v slogu z zasebnimi prevozi na letali\u0161\u010da, raziskujte slovenska naravna \u010dudesa s panoramsko vo\u017enjo ali pa oblikujte svoje prilagojeno potovanje \u010dez meje.<\/p>\t\t\t\t\t\t\t\t<\/div>\n\t\t\t\t<\/div>\n\t\t<!-- dce invisible element a3f60fb -->\t\t<\/div>\n\t\t<div data-dce-background-image-url=\"https:\/\/vilamuhr.si\/wp-content\/uploads\/2025\/08\/Hotel_Bohinj_Charlotte_Garrousse_35mm_20240120_16_46_38-3-scaled.jpg\" class=\"elementor-element elementor-element-4c0aae7 e-con-full e-flex e-con e-child\" data-id=\"4c0aae7\" data-element_type=\"container\" data-settings=\"{&quot;background_background&quot;:&quot;classic&quot;}\">\n\t\t\t\t<\/div>\n\t\t\t\t\t<\/div>\n\t\t\t\t<\/div>\n\t\t<div class=\"elementor-element elementor-element-9825683 e-flex e-con-boxed e-con e-parent\" data-id=\"9825683\" data-element_type=\"container\">\n\t\t\t\t\t<div class=\"e-con-inner\">\n\t\t\t\t<div class=\"elementor-element elementor-element-0ccf47d elementor-widget elementor-widget-spacer\" data-id=\"0ccf47d\" data-element_type=\"widget\" data-widget_type=\"spacer.default\">\n\t\t\t\t<div class=\"elementor-widget-container\">\n\t\t\t\t\t\t\t<div class=\"elementor-spacer\">\n\t\t\t<div class=\"elementor-spacer-inner\"><\/div>\n\t\t<\/div>\n\t\t\t\t\t\t<\/div>\n\t\t\t\t<\/div>\n\t\t\t\t\t<\/div>\n\t\t\t\t<\/div>\n\t\t\t\t<\/div>\n\t\t","protected":false},"excerpt":{"rendered":"<p>individualna pozornost Concierge Storitve Na\u0161a predana ekipa bo poskrbela, da bo va\u0161e bivanje prijetno in nemoteno. Ne glede na to, ali potrebujete pomo\u010d pri rezervacijah, lokalnih priporo\u010dilih ali osebnih izku\u0161njah, vam je na\u0161 concierge vedno pripravljen pomagati. Ve\u010d Mirni u\u017eitki Wellness &amp; razvajanje Wellness center Hotela Bohinj ponuja spro\u0161\u010dujo\u010d ambient in storitve na najvi\u0161jem nivoju. [&hellip;]<\/p>\n","protected":false},"author":1,"featured_media":0,"parent":0,"menu_order":0,"comment_status":"closed","ping_status":"closed","template":"","meta":{"_acf_changed":false,"inline_featured_image":false,"footnotes":""},"class_list":["post-4834","page","type-page","status-publish","hentry"],"acf":[],"yoast_head":"<!-- This site is optimized with the Yoast SEO plugin v26.1.1 - https:\/\/yoast.com\/wordpress\/plugins\/seo\/ -->\n<title>Storitve - Vila Muhr<\/title>\n<meta name=\"robots\" content=\"index, follow, max-snippet:-1, max-image-preview:large, max-video-preview:-1\" \/>\n<link rel=\"canonical\" href=\"https:\/\/vilamuhr.si\/sl\/dozivetja\/\" \/>\n<meta property=\"og:locale\" content=\"sl_SI\" \/>\n<meta property=\"og:type\" content=\"article\" \/>\n<meta property=\"og:title\" content=\"Storitve - Vila Muhr\" \/>\n<meta property=\"og:description\" content=\"individualna pozornost Concierge Storitve Na\u0161a predana ekipa bo poskrbela, da bo va\u0161e bivanje prijetno in nemoteno. Ne glede na to, ali potrebujete pomo\u010d pri rezervacijah, lokalnih priporo\u010dilih ali osebnih izku\u0161njah, vam je na\u0161 concierge vedno pripravljen pomagati. Ve\u010d Mirni u\u017eitki Wellness &amp; razvajanje Wellness center Hotela Bohinj ponuja spro\u0161\u010dujo\u010d ambient in storitve na najvi\u0161jem nivoju. [&hellip;]\" \/>\n<meta property=\"og:url\" content=\"https:\/\/vilamuhr.si\/sl\/dozivetja\/\" \/>\n<meta property=\"og:site_name\" content=\"Vila Muhr\" \/>\n<meta property=\"article:modified_time\" content=\"2025-08-29T21:55:50+00:00\" \/>\n<meta name=\"twitter:card\" content=\"summary_large_image\" \/>\n<meta name=\"twitter:label1\" content=\"Est. reading time\" \/>\n\t<meta name=\"twitter:data1\" content=\"1 minuta\" \/>\n<script type=\"application\/ld+json\" class=\"yoast-schema-graph\">{\"@context\":\"https:\/\/schema.org\",\"@graph\":[{\"@type\":\"WebPage\",\"@id\":\"https:\/\/vilamuhr.si\/sl\/dozivetja\/\",\"url\":\"https:\/\/vilamuhr.si\/sl\/dozivetja\/\",\"name\":\"Storitve - Vila Muhr\",\"isPartOf\":{\"@id\":\"https:\/\/vilamuhr.si\/sl\/#website\"},\"datePublished\":\"2024-12-15T00:05:29+00:00\",\"dateModified\":\"2025-08-29T21:55:50+00:00\",\"breadcrumb\":{\"@id\":\"https:\/\/vilamuhr.si\/sl\/dozivetja\/#breadcrumb\"},\"inLanguage\":\"sl-SI\",\"potentialAction\":[{\"@type\":\"ReadAction\",\"target\":[\"https:\/\/vilamuhr.si\/sl\/dozivetja\/\"]}]},{\"@type\":\"BreadcrumbList\",\"@id\":\"https:\/\/vilamuhr.si\/sl\/dozivetja\/#breadcrumb\",\"itemListElement\":[{\"@type\":\"ListItem\",\"position\":1,\"name\":\"Home\",\"item\":\"https:\/\/vilamuhr.si\/sl\/vila-muhr-sepet-kraljevske-elegance\/\"},{\"@type\":\"ListItem\",\"position\":2,\"name\":\"Storitve\"}]},{\"@type\":\"WebSite\",\"@id\":\"https:\/\/vilamuhr.si\/sl\/#website\",\"url\":\"https:\/\/vilamuhr.si\/sl\/\",\"name\":\"Vila Muhr\",\"description\":\"Vila Muhr\",\"publisher\":{\"@id\":\"https:\/\/vilamuhr.si\/sl\/#organization\"},\"potentialAction\":[{\"@type\":\"SearchAction\",\"target\":{\"@type\":\"EntryPoint\",\"urlTemplate\":\"https:\/\/vilamuhr.si\/sl\/?s={search_term_string}\"},\"query-input\":{\"@type\":\"PropertyValueSpecification\",\"valueRequired\":true,\"valueName\":\"search_term_string\"}}],\"inLanguage\":\"sl-SI\"},{\"@type\":\"Organization\",\"@id\":\"https:\/\/vilamuhr.si\/sl\/#organization\",\"name\":\"Vila Muhr\",\"url\":\"https:\/\/vilamuhr.si\/sl\/\",\"logo\":{\"@type\":\"ImageObject\",\"inLanguage\":\"sl-SI\",\"@id\":\"https:\/\/vilamuhr.si\/sl\/#\/schema\/logo\/image\/\",\"url\":\"https:\/\/vilamuhr.si\/wp-content\/uploads\/2023\/08\/logo-2.png\",\"contentUrl\":\"https:\/\/vilamuhr.si\/wp-content\/uploads\/2023\/08\/logo-2.png\",\"width\":167,\"height\":149,\"caption\":\"Vila Muhr\"},\"image\":{\"@id\":\"https:\/\/vilamuhr.si\/sl\/#\/schema\/logo\/image\/\"}}]}<\/script>\n<!-- \/ Yoast SEO plugin. -->","yoast_head_json":{"title":"Storitve - Vila Muhr","robots":{"index":"index","follow":"follow","max-snippet":"max-snippet:-1","max-image-preview":"max-image-preview:large","max-video-preview":"max-video-preview:-1"},"canonical":"https:\/\/vilamuhr.si\/sl\/dozivetja\/","og_locale":"sl_SI","og_type":"article","og_title":"Storitve - Vila Muhr","og_description":"individualna pozornost Concierge Storitve Na\u0161a predana ekipa bo poskrbela, da bo va\u0161e bivanje prijetno in nemoteno. Ne glede na to, ali potrebujete pomo\u010d pri rezervacijah, lokalnih priporo\u010dilih ali osebnih izku\u0161njah, vam je na\u0161 concierge vedno pripravljen pomagati. Ve\u010d Mirni u\u017eitki Wellness &amp; razvajanje Wellness center Hotela Bohinj ponuja spro\u0161\u010dujo\u010d ambient in storitve na najvi\u0161jem nivoju. [&hellip;]","og_url":"https:\/\/vilamuhr.si\/sl\/dozivetja\/","og_site_name":"Vila Muhr","article_modified_time":"2025-08-29T21:55:50+00:00","twitter_card":"summary_large_image","twitter_misc":{"Est. reading time":"1 minuta"},"schema":{"@context":"https:\/\/schema.org","@graph":[{"@type":"WebPage","@id":"https:\/\/vilamuhr.si\/sl\/dozivetja\/","url":"https:\/\/vilamuhr.si\/sl\/dozivetja\/","name":"Storitve - Vila Muhr","isPartOf":{"@id":"https:\/\/vilamuhr.si\/sl\/#website"},"datePublished":"2024-12-15T00:05:29+00:00","dateModified":"2025-08-29T21:55:50+00:00","breadcrumb":{"@id":"https:\/\/vilamuhr.si\/sl\/dozivetja\/#breadcrumb"},"inLanguage":"sl-SI","potentialAction":[{"@type":"ReadAction","target":["https:\/\/vilamuhr.si\/sl\/dozivetja\/"]}]},{"@type":"BreadcrumbList","@id":"https:\/\/vilamuhr.si\/sl\/dozivetja\/#breadcrumb","itemListElement":[{"@type":"ListItem","position":1,"name":"Home","item":"https:\/\/vilamuhr.si\/sl\/vila-muhr-sepet-kraljevske-elegance\/"},{"@type":"ListItem","position":2,"name":"Storitve"}]},{"@type":"WebSite","@id":"https:\/\/vilamuhr.si\/sl\/#website","url":"https:\/\/vilamuhr.si\/sl\/","name":"Vila Muhr","description":"Vila Muhr","publisher":{"@id":"https:\/\/vilamuhr.si\/sl\/#organization"},"potentialAction":[{"@type":"SearchAction","target":{"@type":"EntryPoint","urlTemplate":"https:\/\/vilamuhr.si\/sl\/?s={search_term_string}"},"query-input":{"@type":"PropertyValueSpecification","valueRequired":true,"valueName":"search_term_string"}}],"inLanguage":"sl-SI"},{"@type":"Organization","@id":"https:\/\/vilamuhr.si\/sl\/#organization","name":"Vila Muhr","url":"https:\/\/vilamuhr.si\/sl\/","logo":{"@type":"ImageObject","inLanguage":"sl-SI","@id":"https:\/\/vilamuhr.si\/sl\/#\/schema\/logo\/image\/","url":"https:\/\/vilamuhr.si\/wp-content\/uploads\/2023\/08\/logo-2.png","contentUrl":"https:\/\/vilamuhr.si\/wp-content\/uploads\/2023\/08\/logo-2.png","width":167,"height":149,"caption":"Vila Muhr"},"image":{"@id":"https:\/\/vilamuhr.si\/sl\/#\/schema\/logo\/image\/"}}]}},"_links":{"self":[{"href":"https:\/\/vilamuhr.si\/sl\/wp-json\/wp\/v2\/pages\/4834","targetHints":{"allow":["GET"]}}],"collection":[{"href":"https:\/\/vilamuhr.si\/sl\/wp-json\/wp\/v2\/pages"}],"about":[{"href":"https:\/\/vilamuhr.si\/sl\/wp-json\/wp\/v2\/types\/page"}],"author":[{"embeddable":true,"href":"https:\/\/vilamuhr.si\/sl\/wp-json\/wp\/v2\/users\/1"}],"replies":[{"embeddable":true,"href":"https:\/\/vilamuhr.si\/sl\/wp-json\/wp\/v2\/comments?post=4834"}],"version-history":[{"count":8,"href":"https:\/\/vilamuhr.si\/sl\/wp-json\/wp\/v2\/pages\/4834\/revisions"}],"predecessor-version":[{"id":8264,"href":"https:\/\/vilamuhr.si\/sl\/wp-json\/wp\/v2\/pages\/4834\/revisions\/8264"}],"wp:attachment":[{"href":"https:\/\/vilamuhr.si\/sl\/wp-json\/wp\/v2\/media?parent=4834"}],"curies":[{"name":"wp","href":"https:\/\/api.w.org\/{rel}","templated":true}]}}