{"id":4823,"date":"2025-01-17T15:50:44","date_gmt":"2025-01-17T15:50:44","guid":{"rendered":"https:\/\/vilamuhr.si\/povprasevanje\/"},"modified":"2025-01-17T17:34:09","modified_gmt":"2025-01-17T17:34:09","slug":"povprasevanje","status":"publish","type":"page","link":"https:\/\/vilamuhr.si\/sl\/povprasevanje\/","title":{"rendered":"Povpra\u0161evanje"},"content":{"rendered":"\t\t<div data-elementor-type=\"wp-page\" data-elementor-id=\"4823\" class=\"elementor elementor-4823 elementor-4763\" data-elementor-post-type=\"page\">\n\t\t\t\t<div data-dce-background-overlay-color=\"#000000\" data-dce-background-image-url=\"https:\/\/vilamuhr.si\/wp-content\/uploads\/2024\/10\/VM_hero-back.png\" class=\"elementor-element elementor-element-3f4594a e-flex e-con-boxed e-con e-parent\" data-id=\"3f4594a\" data-element_type=\"container\" data-settings=\"{&quot;background_background&quot;:&quot;classic&quot;}\">\n\t\t\t\t\t<div class=\"e-con-inner\">\n\t\t<div class=\"elementor-element elementor-element-874fb3e e-con-full e-flex e-con e-child\" data-id=\"874fb3e\" data-element_type=\"container\">\n\t\t\t\t<div class=\"elementor-element elementor-element-45873ff elementor-widget-mobile__width-inherit elementor-widget elementor-widget-heading\" data-id=\"45873ff\" data-element_type=\"widget\" data-widget_type=\"heading.default\">\n\t\t\t\t<div class=\"elementor-widget-container\">\n\t\t\t\t\t<h2 class=\"elementor-heading-title elementor-size-default\">Povpra\u0161evanje<\/h2>\t\t\t\t<\/div>\n\t\t\t\t<\/div>\n\t\t\t\t<div class=\"elementor-element elementor-element-4066d30 elementor-widget__width-initial elementor-widget-mobile__width-inherit elementor-widget elementor-widget-text-editor\" data-id=\"4066d30\" data-element_type=\"widget\" data-widget_type=\"text-editor.default\">\n\t\t\t\t<div class=\"elementor-widget-container\">\n\t\t\t\t\t\t\t\t\t<p>Hvala za va\u0161e zanimanje za Vilo Muhr, mirno in razko\u0161no zato\u010di\u0161\u010de v osr\u010dju Bohinja v Sloveniji. Ne glede na to, ali na\u010drtujete spro\u0161\u010dujo\u010d oddih, poseben dogodek ali nepozabno bivanje v objemu dih jemajo\u010de pokrajine, smo tu, da poskrbimo, da bo va\u0161a izku\u0161nja izjemna. <\/p>\n\t\t\t\t\t\t\t\t<\/div>\n\t\t\t\t<\/div>\n\t\t\t\t<\/div>\n\t\t\t\t\t<\/div>\n\t\t\t\t<\/div>\n\t\t<div class=\"elementor-element elementor-element-4c342db e-flex e-con-boxed e-con e-parent\" data-id=\"4c342db\" data-element_type=\"container\">\n\t\t\t\t\t<div class=\"e-con-inner\">\n\t\t<div class=\"elementor-element elementor-element-f7756f1 e-con-full e-flex e-con e-child\" data-id=\"f7756f1\" data-element_type=\"container\" data-settings=\"{&quot;background_background&quot;:&quot;classic&quot;}\">\n\t\t\t\t<div class=\"elementor-element elementor-element-b96bc60 elementor-widget elementor-widget-menu-anchor\" data-id=\"b96bc60\" data-element_type=\"widget\" data-widget_type=\"menu-anchor.default\">\n\t\t\t\t<div class=\"elementor-widget-container\">\n\t\t\t\t\t\t\t<div class=\"elementor-menu-anchor\" id=\"inquiry\"><\/div>\n\t\t\t\t\t\t<\/div>\n\t\t\t\t<\/div>\n\t\t<div class=\"elementor-element elementor-element-c0b1571 e-con-full e-flex e-con e-child\" data-id=\"c0b1571\" data-element_type=\"container\">\n\t\t\t\t<div class=\"elementor-element elementor-element-6fcfb62 elementor-widget elementor-widget-heading\" data-id=\"6fcfb62\" data-element_type=\"widget\" data-widget_type=\"heading.default\">\n\t\t\t\t<div class=\"elementor-widget-container\">\n\t\t\t\t\t<h2 class=\"elementor-heading-title elementor-size-default\">Povpra\u0161evanje<\/h2>\t\t\t\t<\/div>\n\t\t\t\t<\/div>\n\t\t\t\t<div class=\"elementor-element elementor-element-5e66a7e elementor-widget elementor-widget-heading\" data-id=\"5e66a7e\" data-element_type=\"widget\" data-widget_type=\"heading.default\">\n\t\t\t\t<div class=\"elementor-widget-container\">\n\t\t\t\t\t<h2 class=\"elementor-heading-title elementor-size-default\">Zaupajte nam svoje \u017eelje<\/h2>\t\t\t\t<\/div>\n\t\t\t\t<\/div>\n\t\t\t\t<div class=\"elementor-element elementor-element-2635142 elementor-widget elementor-widget-template\" data-id=\"2635142\" data-element_type=\"widget\" data-widget_type=\"template.default\">\n\t\t\t\t<div class=\"elementor-widget-container\">\n\t\t\t\t\t\t\t<div class=\"elementor-template\">\n\t\t\t\t\t<div data-elementor-type=\"section\" data-elementor-id=\"8323\" class=\"elementor elementor-8323 elementor-4792\" data-elementor-post-type=\"elementor_library\">\n\t\t\t<div class=\"elementor-element elementor-element-2fd3f4f0 e-flex e-con-boxed e-con e-parent\" data-id=\"2fd3f4f0\" data-element_type=\"container\">\n\t\t\t\t\t<div class=\"e-con-inner\">\n\t\t\t\t<div class=\"elementor-element elementor-element-5b22f2a7 elementor-button-align-stretch elementor-widget elementor-widget-form\" data-id=\"5b22f2a7\" data-element_type=\"widget\" data-settings=\"{&quot;step_next_label&quot;:&quot;Naslednji&quot;,&quot;step_previous_label&quot;:&quot;Prej\\u0161nji&quot;,&quot;button_width&quot;:&quot;100&quot;,&quot;step_type&quot;:&quot;number_text&quot;,&quot;step_icon_shape&quot;:&quot;circle&quot;,&quot;label_icon_size&quot;:{&quot;unit&quot;:&quot;px&quot;,&quot;size&quot;:&quot;&quot;,&quot;sizes&quot;:[]},&quot;field_icon_size&quot;:{&quot;unit&quot;:&quot;px&quot;,&quot;size&quot;:&quot;&quot;,&quot;sizes&quot;:[]}}\" data-widget_type=\"form.default\">\n\t\t\t\t<div class=\"elementor-widget-container\">\n\t\t\t\t\t\t\t<form class=\"elementor-form\" method=\"post\" name=\"Povpra\u0161evanje - Vila Muhr\" aria-label=\"Povpra\u0161evanje - Vila Muhr\">\n\t\t\t<input type=\"hidden\" name=\"post_id\" value=\"8323\"\/>\n\t\t\t<input type=\"hidden\" name=\"form_id\" value=\"5b22f2a7\"\/>\n\t\t\t<input type=\"hidden\" name=\"referer_title\" value=\"Vila Muhr\" \/>\n\n\t\t\t\n\t\t\t<div class=\"elementor-form-fields-wrapper elementor-labels-above\">\n\t\t\t\t\t\t\t\t<div class=\"elementor-field-type-text elementor-field-group elementor-column elementor-field-group-name elementor-col-50 elementor-field-required\">\n\t\t\t\t\t\t\t\t\t\t\t\t<label for=\"form-field-name\" class=\"elementor-field-label\">\n\t\t\t\t\t\t\t\tIme\t\t\t\t\t\t\t<\/label>\n\t\t\t\t\t\t\t\t\t\t\t\t\t\t<input size=\"1\" type=\"text\" name=\"form_fields[name]\" id=\"form-field-name\" class=\"elementor-field elementor-size-sm  elementor-field-textual\" required=\"required\">\n\t\t\t\t\t\t\t\t\t\t\t<\/div>\n\t\t\t\t\t\t\t\t<div class=\"elementor-field-type-text elementor-field-group elementor-column elementor-field-group-surname elementor-col-50 elementor-field-required\">\n\t\t\t\t\t\t\t\t\t\t\t\t<label for=\"form-field-surname\" class=\"elementor-field-label\">\n\t\t\t\t\t\t\t\tPriimek\t\t\t\t\t\t\t<\/label>\n\t\t\t\t\t\t\t\t\t\t\t\t\t\t<input size=\"1\" type=\"text\" name=\"form_fields[surname]\" id=\"form-field-surname\" class=\"elementor-field elementor-size-sm  elementor-field-textual\" required=\"required\">\n\t\t\t\t\t\t\t\t\t\t\t<\/div>\n\t\t\t\t\t\t\t\t<div class=\"elementor-field-type-email elementor-field-group elementor-column elementor-field-group-email elementor-col-100 elementor-field-required\">\n\t\t\t\t\t\t\t\t\t\t\t\t<label for=\"form-field-email\" class=\"elementor-field-label\">\n\t\t\t\t\t\t\t\tE-naslov\t\t\t\t\t\t\t<\/label>\n\t\t\t\t\t\t\t\t\t\t\t\t\t\t<input size=\"1\" type=\"email\" name=\"form_fields[email]\" id=\"form-field-email\" class=\"elementor-field elementor-size-sm  elementor-field-textual\" placeholder=\"@\" required=\"required\">\n\t\t\t\t\t\t\t\t\t\t\t<\/div>\n\t\t\t\t\t\t\t\t<div class=\"elementor-field-type-tel elementor-field-group elementor-column elementor-field-group-phone elementor-col-100 elementor-field-required\">\n\t\t\t\t\t\t\t\t\t\t\t\t<label for=\"form-field-phone\" class=\"elementor-field-label\">\n\t\t\t\t\t\t\t\tTelefon\t\t\t\t\t\t\t<\/label>\n\t\t\t\t\t\t\t\t<input size=\"1\" type=\"tel\" name=\"form_fields[phone]\" id=\"form-field-phone\" class=\"elementor-field elementor-size-sm  elementor-field-textual\" required=\"required\" pattern=\"[0-9()#&amp;+*-=.]+\" title=\"Only numbers and phone characters (#, -, *, etc) are accepted.\">\n\n\t\t\t\t\t\t<\/div>\n\t\t\t\t\t\t\t\t<div class=\"elementor-field-type-date elementor-field-group elementor-column elementor-field-group-arrival elementor-col-100 elementor-field-required\">\n\t\t\t\t\t\t\t\t\t\t\t\t<label for=\"form-field-arrival\" class=\"elementor-field-label\">\n\t\t\t\t\t\t\t\tPredvideni datum prihoda\t\t\t\t\t\t\t<\/label>\n\t\t\t\t\t\t\n\t\t<input type=\"date\" name=\"form_fields[arrival]\" id=\"form-field-arrival\" class=\"elementor-field elementor-size-sm  elementor-field-textual elementor-date-field\" required=\"required\" pattern=\"[0-9]{4}-[0-9]{2}-[0-9]{2}\">\n\t\t\t\t\t\t<\/div>\n\t\t\t\t\t\t\t\t<div class=\"elementor-field-type-select elementor-field-group elementor-column elementor-field-group-type elementor-col-100 elementor-field-required\">\n\t\t\t\t\t\t\t\t\t\t\t\t<label for=\"form-field-type\" class=\"elementor-field-label\">\n\t\t\t\t\t\t\t\tTip povpra\u0161evanja\t\t\t\t\t\t\t<\/label>\n\t\t\t\t\t\t\t\t<div class=\"elementor-field elementor-select-wrapper remove-before \">\n\t\t\t<div class=\"select-caret-down-wrapper\">\n\t\t\t\t<svg aria-hidden=\"true\" class=\"e-font-icon-svg e-eicon-caret-down\" viewBox=\"0 0 571.4 571.4\" xmlns=\"http:\/\/www.w3.org\/2000\/svg\"><path d=\"M571 393Q571 407 561 418L311 668Q300 679 286 679T261 668L11 418Q0 407 0 393T11 368 36 357H536Q550 357 561 368T571 393Z\"><\/path><\/svg>\t\t\t<\/div>\n\t\t\t<select name=\"form_fields[type]\" id=\"form-field-type\" class=\"elementor-field-textual elementor-size-sm\" required=\"required\">\n\t\t\t\t\t\t\t\t\t<option value=\"Suite\">Suite<\/option>\n\t\t\t\t\t\t\t\t\t<option value=\"Celotna lastnina\">Celotna lastnina<\/option>\n\t\t\t\t\t\t\t\t\t<option value=\"Restavracija\">Restavracija<\/option>\n\t\t\t\t\t\t\t\t\t<option value=\"Dogodek\/Kongres\">Dogodek\/Kongres<\/option>\n\t\t\t\t\t\t\t<\/select>\n\t\t<\/div>\n\t\t\t\t\t\t<\/div>\n\t\t\t\t\t\t\t\t<div class=\"elementor-field-type-textarea elementor-field-group elementor-column elementor-field-group-message elementor-col-100 elementor-field-required\">\n\t\t\t\t\t\t\t\t\t\t\t\t<label for=\"form-field-message\" class=\"elementor-field-label\">\n\t\t\t\t\t\t\t\tSporo\u010dilo\t\t\t\t\t\t\t<\/label>\n\t\t\t\t\t\t<textarea class=\"elementor-field-textual elementor-field  elementor-size-sm\" name=\"form_fields[message]\" id=\"form-field-message\" rows=\"4\" placeholder=\"Za\u010dnite pisati tukaj ...\" required=\"required\"><\/textarea>\t\t\t\t<\/div>\n\t\t\t\t\t\t\t\t<div class=\"elementor-field-group elementor-column elementor-field-type-submit elementor-col-100 e-form__buttons\">\n\t\t\t\t\t<button class=\"elementor-button elementor-size-sm\" type=\"submit\">\n\t\t\t\t\t\t<span class=\"elementor-button-content-wrapper\">\n\t\t\t\t\t\t\t\t\t\t\t\t\t\t\t\t\t\t\t\t\t\t<span class=\"elementor-button-text\">Po\u0161lji<\/span>\n\t\t\t\t\t\t\t\t\t\t\t\t\t<\/span>\n\t\t\t\t\t<\/button>\n\t\t\t\t<\/div>\n\t\t\t<\/div>\n\t\t<\/form>\n\t\t\t\t\t\t<\/div>\n\t\t\t\t<\/div>\n\t\t\t\t\t<\/div>\n\t\t\t\t<\/div>\n\t\t\t\t<\/div>\n\t\t\t\t<\/div>\n\t\t\t\t\t\t<\/div>\n\t\t\t\t<\/div>\n\t\t\t\t<\/div>\n\t\t\t\t<\/div>\n\t\t\t\t\t<\/div>\n\t\t\t\t<\/div>\n\t\t\t\t<\/div>\n\t\t","protected":false},"excerpt":{"rendered":"<p>Hvala za va\u0161e zanimanje za Vilo Muhr, mirno in razko\u0161no zato\u010di\u0161\u010de v osr\u010dju Bohinja v Sloveniji. Ne glede na to, ali na\u010drtujete spro\u0161\u010dujo\u010d oddih, poseben dogodek ali nepozabno bivanje v objemu dih jemajo\u010de pokrajine, smo tu, da poskrbimo, da bo va\u0161a izku\u0161nja izjemna. Povpra\u0161evanje Zaupajte nam svoje \u017eelje<\/p>\n","protected":false},"author":1,"featured_media":0,"parent":0,"menu_order":0,"comment_status":"closed","ping_status":"closed","template":"","meta":{"_acf_changed":false,"inline_featured_image":false,"footnotes":""},"class_list":["post-4823","page","type-page","status-publish","hentry"],"acf":[],"yoast_head":"<!-- This site is optimized with the Yoast SEO plugin v26.1.1 - https:\/\/yoast.com\/wordpress\/plugins\/seo\/ -->\n<title>Povpra\u0161evanje - Vila Muhr<\/title>\n<meta name=\"robots\" content=\"index, follow, max-snippet:-1, max-image-preview:large, max-video-preview:-1\" \/>\n<link rel=\"canonical\" href=\"https:\/\/vilamuhr.si\/sl\/povprasevanje\/\" \/>\n<meta property=\"og:locale\" content=\"sl_SI\" \/>\n<meta property=\"og:type\" content=\"article\" \/>\n<meta property=\"og:title\" content=\"Povpra\u0161evanje - Vila Muhr\" \/>\n<meta property=\"og:description\" content=\"Hvala za va\u0161e zanimanje za Vilo Muhr, mirno in razko\u0161no zato\u010di\u0161\u010de v osr\u010dju Bohinja v Sloveniji. Ne glede na to, ali na\u010drtujete spro\u0161\u010dujo\u010d oddih, poseben dogodek ali nepozabno bivanje v objemu dih jemajo\u010de pokrajine, smo tu, da poskrbimo, da bo va\u0161a izku\u0161nja izjemna. Povpra\u0161evanje Zaupajte nam svoje \u017eelje\" \/>\n<meta property=\"og:url\" content=\"https:\/\/vilamuhr.si\/sl\/povprasevanje\/\" \/>\n<meta property=\"og:site_name\" content=\"Vila Muhr\" \/>\n<meta property=\"article:modified_time\" content=\"2025-01-17T17:34:09+00:00\" \/>\n<meta name=\"twitter:card\" content=\"summary_large_image\" \/>\n<script type=\"application\/ld+json\" class=\"yoast-schema-graph\">{\"@context\":\"https:\/\/schema.org\",\"@graph\":[{\"@type\":\"WebPage\",\"@id\":\"https:\/\/vilamuhr.si\/sl\/povprasevanje\/\",\"url\":\"https:\/\/vilamuhr.si\/sl\/povprasevanje\/\",\"name\":\"Povpra\u0161evanje - Vila Muhr\",\"isPartOf\":{\"@id\":\"https:\/\/vilamuhr.si\/sl\/#website\"},\"datePublished\":\"2025-01-17T15:50:44+00:00\",\"dateModified\":\"2025-01-17T17:34:09+00:00\",\"breadcrumb\":{\"@id\":\"https:\/\/vilamuhr.si\/sl\/povprasevanje\/#breadcrumb\"},\"inLanguage\":\"sl-SI\",\"potentialAction\":[{\"@type\":\"ReadAction\",\"target\":[\"https:\/\/vilamuhr.si\/sl\/povprasevanje\/\"]}]},{\"@type\":\"BreadcrumbList\",\"@id\":\"https:\/\/vilamuhr.si\/sl\/povprasevanje\/#breadcrumb\",\"itemListElement\":[{\"@type\":\"ListItem\",\"position\":1,\"name\":\"Home\",\"item\":\"https:\/\/vilamuhr.si\/sl\/vila-muhr-sepet-kraljevske-elegance\/\"},{\"@type\":\"ListItem\",\"position\":2,\"name\":\"Povpra\u0161evanje\"}]},{\"@type\":\"WebSite\",\"@id\":\"https:\/\/vilamuhr.si\/sl\/#website\",\"url\":\"https:\/\/vilamuhr.si\/sl\/\",\"name\":\"Vila Muhr\",\"description\":\"Vila Muhr\",\"publisher\":{\"@id\":\"https:\/\/vilamuhr.si\/sl\/#organization\"},\"potentialAction\":[{\"@type\":\"SearchAction\",\"target\":{\"@type\":\"EntryPoint\",\"urlTemplate\":\"https:\/\/vilamuhr.si\/sl\/?s={search_term_string}\"},\"query-input\":{\"@type\":\"PropertyValueSpecification\",\"valueRequired\":true,\"valueName\":\"search_term_string\"}}],\"inLanguage\":\"sl-SI\"},{\"@type\":\"Organization\",\"@id\":\"https:\/\/vilamuhr.si\/sl\/#organization\",\"name\":\"Vila Muhr\",\"url\":\"https:\/\/vilamuhr.si\/sl\/\",\"logo\":{\"@type\":\"ImageObject\",\"inLanguage\":\"sl-SI\",\"@id\":\"https:\/\/vilamuhr.si\/sl\/#\/schema\/logo\/image\/\",\"url\":\"https:\/\/vilamuhr.si\/wp-content\/uploads\/2023\/08\/logo-2.png\",\"contentUrl\":\"https:\/\/vilamuhr.si\/wp-content\/uploads\/2023\/08\/logo-2.png\",\"width\":167,\"height\":149,\"caption\":\"Vila Muhr\"},\"image\":{\"@id\":\"https:\/\/vilamuhr.si\/sl\/#\/schema\/logo\/image\/\"}}]}<\/script>\n<!-- \/ Yoast SEO plugin. -->","yoast_head_json":{"title":"Povpra\u0161evanje - Vila Muhr","robots":{"index":"index","follow":"follow","max-snippet":"max-snippet:-1","max-image-preview":"max-image-preview:large","max-video-preview":"max-video-preview:-1"},"canonical":"https:\/\/vilamuhr.si\/sl\/povprasevanje\/","og_locale":"sl_SI","og_type":"article","og_title":"Povpra\u0161evanje - Vila Muhr","og_description":"Hvala za va\u0161e zanimanje za Vilo Muhr, mirno in razko\u0161no zato\u010di\u0161\u010de v osr\u010dju Bohinja v Sloveniji. Ne glede na to, ali na\u010drtujete spro\u0161\u010dujo\u010d oddih, poseben dogodek ali nepozabno bivanje v objemu dih jemajo\u010de pokrajine, smo tu, da poskrbimo, da bo va\u0161a izku\u0161nja izjemna. Povpra\u0161evanje Zaupajte nam svoje \u017eelje","og_url":"https:\/\/vilamuhr.si\/sl\/povprasevanje\/","og_site_name":"Vila Muhr","article_modified_time":"2025-01-17T17:34:09+00:00","twitter_card":"summary_large_image","schema":{"@context":"https:\/\/schema.org","@graph":[{"@type":"WebPage","@id":"https:\/\/vilamuhr.si\/sl\/povprasevanje\/","url":"https:\/\/vilamuhr.si\/sl\/povprasevanje\/","name":"Povpra\u0161evanje - Vila Muhr","isPartOf":{"@id":"https:\/\/vilamuhr.si\/sl\/#website"},"datePublished":"2025-01-17T15:50:44+00:00","dateModified":"2025-01-17T17:34:09+00:00","breadcrumb":{"@id":"https:\/\/vilamuhr.si\/sl\/povprasevanje\/#breadcrumb"},"inLanguage":"sl-SI","potentialAction":[{"@type":"ReadAction","target":["https:\/\/vilamuhr.si\/sl\/povprasevanje\/"]}]},{"@type":"BreadcrumbList","@id":"https:\/\/vilamuhr.si\/sl\/povprasevanje\/#breadcrumb","itemListElement":[{"@type":"ListItem","position":1,"name":"Home","item":"https:\/\/vilamuhr.si\/sl\/vila-muhr-sepet-kraljevske-elegance\/"},{"@type":"ListItem","position":2,"name":"Povpra\u0161evanje"}]},{"@type":"WebSite","@id":"https:\/\/vilamuhr.si\/sl\/#website","url":"https:\/\/vilamuhr.si\/sl\/","name":"Vila Muhr","description":"Vila Muhr","publisher":{"@id":"https:\/\/vilamuhr.si\/sl\/#organization"},"potentialAction":[{"@type":"SearchAction","target":{"@type":"EntryPoint","urlTemplate":"https:\/\/vilamuhr.si\/sl\/?s={search_term_string}"},"query-input":{"@type":"PropertyValueSpecification","valueRequired":true,"valueName":"search_term_string"}}],"inLanguage":"sl-SI"},{"@type":"Organization","@id":"https:\/\/vilamuhr.si\/sl\/#organization","name":"Vila Muhr","url":"https:\/\/vilamuhr.si\/sl\/","logo":{"@type":"ImageObject","inLanguage":"sl-SI","@id":"https:\/\/vilamuhr.si\/sl\/#\/schema\/logo\/image\/","url":"https:\/\/vilamuhr.si\/wp-content\/uploads\/2023\/08\/logo-2.png","contentUrl":"https:\/\/vilamuhr.si\/wp-content\/uploads\/2023\/08\/logo-2.png","width":167,"height":149,"caption":"Vila Muhr"},"image":{"@id":"https:\/\/vilamuhr.si\/sl\/#\/schema\/logo\/image\/"}}]}},"_links":{"self":[{"href":"https:\/\/vilamuhr.si\/sl\/wp-json\/wp\/v2\/pages\/4823","targetHints":{"allow":["GET"]}}],"collection":[{"href":"https:\/\/vilamuhr.si\/sl\/wp-json\/wp\/v2\/pages"}],"about":[{"href":"https:\/\/vilamuhr.si\/sl\/wp-json\/wp\/v2\/types\/page"}],"author":[{"embeddable":true,"href":"https:\/\/vilamuhr.si\/sl\/wp-json\/wp\/v2\/users\/1"}],"replies":[{"embeddable":true,"href":"https:\/\/vilamuhr.si\/sl\/wp-json\/wp\/v2\/comments?post=4823"}],"version-history":[{"count":1,"href":"https:\/\/vilamuhr.si\/sl\/wp-json\/wp\/v2\/pages\/4823\/revisions"}],"predecessor-version":[{"id":4824,"href":"https:\/\/vilamuhr.si\/sl\/wp-json\/wp\/v2\/pages\/4823\/revisions\/4824"}],"wp:attachment":[{"href":"https:\/\/vilamuhr.si\/sl\/wp-json\/wp\/v2\/media?parent=4823"}],"curies":[{"name":"wp","href":"https:\/\/api.w.org\/{rel}","templated":true}]}}