{"id":8106,"date":"2024-12-15T00:05:29","date_gmt":"2024-12-15T00:05:29","guid":{"rendered":"https:\/\/vilamuhr.si\/dienstleistungen\/"},"modified":"2025-08-29T21:56:44","modified_gmt":"2025-08-29T21:56:44","slug":"dienstleistungen","status":"publish","type":"page","link":"https:\/\/vilamuhr.si\/de\/dienstleistungen\/","title":{"rendered":"Dienstleistungen"},"content":{"rendered":"\t\t<div data-elementor-type=\"wp-page\" data-elementor-id=\"8106\" class=\"elementor elementor-8106 elementor-3540\" data-elementor-post-type=\"page\">\n\t\t\t\t<div data-dce-background-overlay-color=\"#000000\" data-dce-background-image-url=\"https:\/\/vilamuhr.si\/wp-content\/uploads\/2024\/10\/VM_hero-back.png\" class=\"elementor-element elementor-element-21be8c4 e-flex e-con-boxed e-con e-parent\" data-id=\"21be8c4\" data-element_type=\"container\" data-settings=\"{&quot;background_background&quot;:&quot;classic&quot;}\">\n\t\t\t\t\t<div class=\"e-con-inner\">\n\t\t<div class=\"elementor-element elementor-element-2c9a6c5 e-con-full e-flex e-con e-child\" data-id=\"2c9a6c5\" data-element_type=\"container\">\n\t\t\t\t<div class=\"elementor-element elementor-element-fe6299e elementor-widget-mobile__width-inherit elementor-widget elementor-widget-heading\" data-id=\"fe6299e\" data-element_type=\"widget\" data-widget_type=\"heading.default\">\n\t\t\t\t<div class=\"elementor-widget-container\">\n\t\t\t\t\t<h2 class=\"elementor-heading-title elementor-size-default\">Dienstleistungen<\/h2>\t\t\t\t<\/div>\n\t\t\t\t<\/div>\n\t\t\t\t<\/div>\n\t\t\t\t\t<\/div>\n\t\t\t\t<\/div>\n\t\t<div class=\"elementor-element elementor-element-01ea77d e-flex e-con-boxed e-con e-parent\" data-id=\"01ea77d\" data-element_type=\"container\" data-settings=\"{&quot;background_background&quot;:&quot;classic&quot;}\">\n\t\t\t\t\t<div class=\"e-con-inner\">\n\t\t<div class=\"elementor-element elementor-element-705f1a2 e-con-full e-flex e-con e-child\" data-id=\"705f1a2\" data-element_type=\"container\" data-settings=\"{&quot;background_background&quot;:&quot;classic&quot;}\">\n\t\t\t\t<div class=\"elementor-element elementor-element-e0a7bbe elementor-widget elementor-widget-heading\" data-id=\"e0a7bbe\" data-element_type=\"widget\" data-widget_type=\"heading.default\">\n\t\t\t\t<div class=\"elementor-widget-container\">\n\t\t\t\t\t<h2 class=\"elementor-heading-title elementor-size-default\">Pers\u00f6nliche Aufmerksamkeit<\/h2>\t\t\t\t<\/div>\n\t\t\t\t<\/div>\n\t\t\t\t<div class=\"elementor-element elementor-element-41130ba elementor-widget elementor-widget-heading\" data-id=\"41130ba\" data-element_type=\"widget\" data-widget_type=\"heading.default\">\n\t\t\t\t<div class=\"elementor-widget-container\">\n\t\t\t\t\t<h2 class=\"elementor-heading-title elementor-size-default\">Concierge-Dienste<\/h2>\t\t\t\t<\/div>\n\t\t\t\t<\/div>\n\t\t\t\t<div class=\"elementor-element elementor-element-e2eaba8 elementor-widget elementor-widget-text-editor\" data-id=\"e2eaba8\" data-element_type=\"widget\" data-widget_type=\"text-editor.default\">\n\t\t\t\t<div class=\"elementor-widget-container\">\n\t\t\t\t\t\t\t\t\t<p>In der Vila Muhr sorgt unser engagiertes Concierge-Team daf\u00fcr, dass Ihr Aufenthalt so angenehm und reibungslos wie m\u00f6glich verl\u00e4uft. Ganz gleich, ob Sie Hilfe bei Reservierungen, lokalen Empfehlungen oder pers\u00f6nlichen Erlebnissen ben\u00f6tigen, unser Concierge steht Ihnen gerne zur Seite. <\/p>\t\t\t\t\t\t\t\t<\/div>\n\t\t\t\t<\/div>\n\t\t<!-- dce invisible element 4b03b7d -->\t\t<\/div>\n\t\t<div data-dce-background-image-url=\"https:\/\/vilamuhr.si\/wp-content\/uploads\/2025\/01\/Vila-Muhr_Concierge-Services_Bohinj.png\" class=\"elementor-element elementor-element-61eb52a e-con-full e-flex e-con e-child\" data-id=\"61eb52a\" data-element_type=\"container\" data-settings=\"{&quot;background_background&quot;:&quot;classic&quot;}\">\n\t\t\t\t<\/div>\n\t\t\t\t\t<\/div>\n\t\t\t\t<\/div>\n\t\t<div class=\"elementor-element elementor-element-26b5105 e-flex e-con-boxed e-con e-parent\" data-id=\"26b5105\" data-element_type=\"container\" data-settings=\"{&quot;background_background&quot;:&quot;classic&quot;}\">\n\t\t\t\t\t<div class=\"e-con-inner\">\n\t\t<div class=\"elementor-element elementor-element-0b7154f e-con-full e-flex e-con e-child\" data-id=\"0b7154f\" data-element_type=\"container\" data-settings=\"{&quot;background_background&quot;:&quot;classic&quot;}\">\n\t\t\t\t<div class=\"elementor-element elementor-element-20b8b01 elementor-widget elementor-widget-heading\" data-id=\"20b8b01\" data-element_type=\"widget\" data-widget_type=\"heading.default\">\n\t\t\t\t<div class=\"elementor-widget-container\">\n\t\t\t\t\t<h2 class=\"elementor-heading-title elementor-size-default\">Ruhige Vergn\u00fcgungen<\/h2>\t\t\t\t<\/div>\n\t\t\t\t<\/div>\n\t\t\t\t<div class=\"elementor-element elementor-element-f788ee3 elementor-widget elementor-widget-heading\" data-id=\"f788ee3\" data-element_type=\"widget\" data-widget_type=\"heading.default\">\n\t\t\t\t<div class=\"elementor-widget-container\">\n\t\t\t\t\t<h2 class=\"elementor-heading-title elementor-size-default\">Wellness &amp; Verw\u00f6hnung<\/h2>\t\t\t\t<\/div>\n\t\t\t\t<\/div>\n\t\t\t\t<div class=\"elementor-element elementor-element-934ad5d elementor-widget elementor-widget-text-editor\" data-id=\"934ad5d\" data-element_type=\"widget\" data-widget_type=\"text-editor.default\">\n\t\t\t\t<div class=\"elementor-widget-container\">\n\t\t\t\t\t\t\t\t\t<p>Das Wellness-Center im Hotel Bohinj bietet ein entspannendes Ambiente und erstklassige Dienstleistungen. Den G\u00e4sten stehen eine finnische und eine t\u00fcrkische Sauna, ein Salzwandraum und ein Au\u00dfenmassagebecken zur Verf\u00fcgung. Ein breites Angebot an Massagen, Gesichts- und K\u00f6rperbehandlungen wird ebenfalls angeboten. Ein privater Wellnessbereich, der exklusiv gemietet werden kann, umfasst eine kleine finnische Sauna und einen Ruheraum.   <\/p>\t\t\t\t\t\t\t\t<\/div>\n\t\t\t\t<\/div>\n\t\t<!-- dce invisible element 689cc61 -->\t\t<\/div>\n\t\t<div data-dce-background-image-url=\"https:\/\/vilamuhr.si\/wp-content\/uploads\/2025\/01\/Vila-Muhr_Wellness_Bohinj.png\" class=\"elementor-element elementor-element-03e3f47 e-con-full e-flex e-con e-child\" data-id=\"03e3f47\" data-element_type=\"container\" data-settings=\"{&quot;background_background&quot;:&quot;classic&quot;}\">\n\t\t\t\t<\/div>\n\t\t\t\t\t<\/div>\n\t\t\t\t<\/div>\n\t\t<div class=\"elementor-element elementor-element-2aea4cc e-flex e-con-boxed e-con e-parent\" data-id=\"2aea4cc\" data-element_type=\"container\" data-settings=\"{&quot;background_background&quot;:&quot;classic&quot;}\">\n\t\t\t\t\t<div class=\"e-con-inner\">\n\t\t<div class=\"elementor-element elementor-element-71e1182 e-con-full e-flex e-con e-child\" data-id=\"71e1182\" data-element_type=\"container\" data-settings=\"{&quot;background_background&quot;:&quot;classic&quot;}\">\n\t\t\t\t<div class=\"elementor-element elementor-element-b9233dc elementor-widget elementor-widget-heading\" data-id=\"b9233dc\" data-element_type=\"widget\" data-widget_type=\"heading.default\">\n\t\t\t\t<div class=\"elementor-widget-container\">\n\t\t\t\t\t<h2 class=\"elementor-heading-title elementor-size-default\">Tradition &amp; Natur<\/h2>\t\t\t\t<\/div>\n\t\t\t\t<\/div>\n\t\t\t\t<div class=\"elementor-element elementor-element-eef3164 elementor-widget elementor-widget-heading\" data-id=\"eef3164\" data-element_type=\"widget\" data-widget_type=\"heading.default\">\n\t\t\t\t<div class=\"elementor-widget-container\">\n\t\t\t\t\t<h2 class=\"elementor-heading-title elementor-size-default\">Kulturerbe und Begegnungen in der Wildnis<\/h2>\t\t\t\t<\/div>\n\t\t\t\t<\/div>\n\t\t\t\t<div class=\"elementor-element elementor-element-c06f272 elementor-widget elementor-widget-text-editor\" data-id=\"c06f272\" data-element_type=\"widget\" data-widget_type=\"text-editor.default\">\n\t\t\t\t<div class=\"elementor-widget-container\">\n\t\t\t\t\t\t\t\t\t<p>Tauchen Sie in der Vila Muhr in das reiche Gewebe unserer Umgebung ein. Entdecken Sie die lebendige Kultur und die atemberaubenden Landschaften, die diese bezaubernde Region ausmachen. Von gef\u00fchrten Touren zu lokalen historischen Sehensw\u00fcrdigkeiten bis hin zu ruhigen Wanderungen durch den atemberaubenden Triglav-Nationalpark &#8211; jedes Erlebnis ist darauf ausgerichtet, Sie mit der Sch\u00f6nheit und dem Erbe des sch\u00f6nen Bohinj zu verbinden.  <\/p>\t\t\t\t\t\t\t\t<\/div>\n\t\t\t\t<\/div>\n\t\t<!-- dce invisible element b9b2352 -->\t\t<\/div>\n\t\t<div data-dce-background-image-url=\"https:\/\/vilamuhr.si\/wp-content\/uploads\/2025\/01\/Vila-Muhr_Cultural_and_nature_experiences-Bohinj.png\" class=\"elementor-element elementor-element-a88d6a8 e-con-full e-flex e-con e-child\" data-id=\"a88d6a8\" data-element_type=\"container\" data-settings=\"{&quot;background_background&quot;:&quot;classic&quot;}\">\n\t\t\t\t<\/div>\n\t\t\t\t\t<\/div>\n\t\t\t\t<\/div>\n\t\t<div class=\"elementor-element elementor-element-8c6987b e-flex e-con-boxed e-con e-parent\" data-id=\"8c6987b\" data-element_type=\"container\" data-settings=\"{&quot;background_background&quot;:&quot;classic&quot;}\">\n\t\t\t\t\t<div class=\"e-con-inner\">\n\t\t<div class=\"elementor-element elementor-element-5428664 e-con-full e-flex e-con e-child\" data-id=\"5428664\" data-element_type=\"container\" data-settings=\"{&quot;background_background&quot;:&quot;classic&quot;}\">\n\t\t\t\t<div class=\"elementor-element elementor-element-9a0f6c8 elementor-widget elementor-widget-heading\" data-id=\"9a0f6c8\" data-element_type=\"widget\" data-widget_type=\"heading.default\">\n\t\t\t\t<div class=\"elementor-widget-container\">\n\t\t\t\t\t<h2 class=\"elementor-heading-title elementor-size-default\">T\u00e4gliche Ausstrahlung<\/h2>\t\t\t\t<\/div>\n\t\t\t\t<\/div>\n\t\t\t\t<div class=\"elementor-element elementor-element-8b6e5c8 elementor-widget elementor-widget-heading\" data-id=\"8b6e5c8\" data-element_type=\"widget\" data-widget_type=\"heading.default\">\n\t\t\t\t<div class=\"elementor-widget-container\">\n\t\t\t\t\t<h2 class=\"elementor-heading-title elementor-size-default\">Handverlesene Veranstaltungen und Empfehlungen<\/h2>\t\t\t\t<\/div>\n\t\t\t\t<\/div>\n\t\t\t\t<div class=\"elementor-element elementor-element-021b042 elementor-widget elementor-widget-text-editor\" data-id=\"021b042\" data-element_type=\"widget\" data-widget_type=\"text-editor.default\">\n\t\t\t\t<div class=\"elementor-widget-container\">\n\t\t\t\t\t\t\t\t\t<p>Erkunden Sie die reiche Geschichte der Vila Muhr bei einem historischen Spaziergang, entspannen Sie sich bei einer Yoga-Sitzung, oder tauchen Sie ein in die lokale K\u00fcche und genie\u00dfen Sie exquisite Aromen.<\/p>\t\t\t\t\t\t\t\t<\/div>\n\t\t\t\t<\/div>\n\t\t<!-- dce invisible element e85cb4c -->\t\t<\/div>\n\t\t<div data-dce-background-image-url=\"https:\/\/vilamuhr.si\/wp-content\/uploads\/2025\/01\/Vila-Muhr_Events_Bohinj.png\" class=\"elementor-element elementor-element-2eead20 e-con-full e-flex e-con e-child\" data-id=\"2eead20\" data-element_type=\"container\" data-settings=\"{&quot;background_background&quot;:&quot;classic&quot;}\">\n\t\t\t\t<\/div>\n\t\t\t\t\t<\/div>\n\t\t\t\t<\/div>\n\t\t<div class=\"elementor-element elementor-element-c49072c e-flex e-con-boxed e-con e-parent\" data-id=\"c49072c\" data-element_type=\"container\" data-settings=\"{&quot;background_background&quot;:&quot;classic&quot;}\">\n\t\t\t\t\t<div class=\"e-con-inner\">\n\t\t<div class=\"elementor-element elementor-element-e3792b3 e-con-full e-flex e-con e-child\" data-id=\"e3792b3\" data-element_type=\"container\" data-settings=\"{&quot;background_background&quot;:&quot;classic&quot;}\">\n\t\t\t\t<div class=\"elementor-element elementor-element-d0675fe elementor-widget elementor-widget-heading\" data-id=\"d0675fe\" data-element_type=\"widget\" data-widget_type=\"heading.default\">\n\t\t\t\t<div class=\"elementor-widget-container\">\n\t\t\t\t\t<h2 class=\"elementor-heading-title elementor-size-default\">Mit Stil gefahren<\/h2>\t\t\t\t<\/div>\n\t\t\t\t<\/div>\n\t\t\t\t<div class=\"elementor-element elementor-element-1f09025 elementor-widget elementor-widget-heading\" data-id=\"1f09025\" data-element_type=\"widget\" data-widget_type=\"heading.default\">\n\t\t\t\t<div class=\"elementor-widget-container\">\n\t\t\t\t\t<h2 class=\"elementor-heading-title elementor-size-default\">VIP-Transfers und Erlebnisse<\/h2>\t\t\t\t<\/div>\n\t\t\t\t<\/div>\n\t\t\t\t<div class=\"elementor-element elementor-element-656d615 elementor-widget elementor-widget-text-editor\" data-id=\"656d615\" data-element_type=\"widget\" data-widget_type=\"text-editor.default\">\n\t\t\t\t<div class=\"elementor-widget-container\">\n\t\t\t\t\t\t\t\t\t<p>Reisen Sie stilvoll mit privaten Transfers zu den Flugh\u00e4fen, erkunden Sie Sloweniens Naturwunder mit einer Rundfahrt oder gestalten Sie Ihre eigene ma\u00dfgeschneiderte Reise \u00fcber die Grenzen hinweg.<\/p>\t\t\t\t\t\t\t\t<\/div>\n\t\t\t\t<\/div>\n\t\t<!-- dce invisible element a3f60fb -->\t\t<\/div>\n\t\t<div data-dce-background-image-url=\"https:\/\/vilamuhr.si\/wp-content\/uploads\/2025\/08\/Hotel_Bohinj_Charlotte_Garrousse_35mm_20240120_16_46_38-3-scaled.jpg\" class=\"elementor-element elementor-element-4c0aae7 e-con-full e-flex e-con e-child\" data-id=\"4c0aae7\" data-element_type=\"container\" data-settings=\"{&quot;background_background&quot;:&quot;classic&quot;}\">\n\t\t\t\t<\/div>\n\t\t\t\t\t<\/div>\n\t\t\t\t<\/div>\n\t\t<div class=\"elementor-element elementor-element-9825683 e-flex e-con-boxed e-con e-parent\" data-id=\"9825683\" data-element_type=\"container\">\n\t\t\t\t\t<div class=\"e-con-inner\">\n\t\t\t\t<div class=\"elementor-element elementor-element-0ccf47d elementor-widget elementor-widget-spacer\" data-id=\"0ccf47d\" data-element_type=\"widget\" data-widget_type=\"spacer.default\">\n\t\t\t\t<div class=\"elementor-widget-container\">\n\t\t\t\t\t\t\t<div class=\"elementor-spacer\">\n\t\t\t<div class=\"elementor-spacer-inner\"><\/div>\n\t\t<\/div>\n\t\t\t\t\t\t<\/div>\n\t\t\t\t<\/div>\n\t\t\t\t\t<\/div>\n\t\t\t\t<\/div>\n\t\t\t\t<\/div>\n\t\t","protected":false},"excerpt":{"rendered":"<p>Pers\u00f6nliche Aufmerksamkeit Concierge-Dienste In der Vila Muhr sorgt unser engagiertes Concierge-Team daf\u00fcr, dass Ihr Aufenthalt so angenehm und reibungslos wie m\u00f6glich verl\u00e4uft. Ganz gleich, ob Sie Hilfe bei Reservierungen, lokalen Empfehlungen oder pers\u00f6nlichen Erlebnissen ben\u00f6tigen, unser Concierge steht Ihnen gerne zur Seite. Mehr Ruhige Vergn\u00fcgungen Wellness &amp; Verw\u00f6hnung Das Wellness-Center im Hotel Bohinj bietet ein [&hellip;]<\/p>\n","protected":false},"author":1,"featured_media":0,"parent":0,"menu_order":0,"comment_status":"closed","ping_status":"closed","template":"","meta":{"_acf_changed":false,"inline_featured_image":false,"footnotes":""},"class_list":["post-8106","page","type-page","status-publish","hentry"],"acf":[],"yoast_head":"<!-- This site is optimized with the Yoast SEO plugin v26.1.1 - https:\/\/yoast.com\/wordpress\/plugins\/seo\/ -->\n<title>Dienstleistungen - Vila Muhr<\/title>\n<meta name=\"robots\" content=\"index, follow, max-snippet:-1, max-image-preview:large, max-video-preview:-1\" \/>\n<link rel=\"canonical\" href=\"https:\/\/vilamuhr.si\/de\/dienstleistungen\/\" \/>\n<meta property=\"og:locale\" content=\"de_DE\" \/>\n<meta property=\"og:type\" content=\"article\" \/>\n<meta property=\"og:title\" content=\"Dienstleistungen - Vila Muhr\" \/>\n<meta property=\"og:description\" content=\"Pers\u00f6nliche Aufmerksamkeit Concierge-Dienste In der Vila Muhr sorgt unser engagiertes Concierge-Team daf\u00fcr, dass Ihr Aufenthalt so angenehm und reibungslos wie m\u00f6glich verl\u00e4uft. Ganz gleich, ob Sie Hilfe bei Reservierungen, lokalen Empfehlungen oder pers\u00f6nlichen Erlebnissen ben\u00f6tigen, unser Concierge steht Ihnen gerne zur Seite. Mehr Ruhige Vergn\u00fcgungen Wellness &amp; Verw\u00f6hnung Das Wellness-Center im Hotel Bohinj bietet ein [&hellip;]\" \/>\n<meta property=\"og:url\" content=\"https:\/\/vilamuhr.si\/de\/dienstleistungen\/\" \/>\n<meta property=\"og:site_name\" content=\"Vila Muhr\" \/>\n<meta property=\"article:modified_time\" content=\"2025-08-29T21:56:44+00:00\" \/>\n<meta name=\"twitter:card\" content=\"summary_large_image\" \/>\n<meta name=\"twitter:label1\" content=\"Gesch\u00e4tzte Lesezeit\" \/>\n\t<meta name=\"twitter:data1\" content=\"1\u00a0Minute\" \/>\n<script type=\"application\/ld+json\" class=\"yoast-schema-graph\">{\"@context\":\"https:\/\/schema.org\",\"@graph\":[{\"@type\":\"WebPage\",\"@id\":\"https:\/\/vilamuhr.si\/de\/dienstleistungen\/\",\"url\":\"https:\/\/vilamuhr.si\/de\/dienstleistungen\/\",\"name\":\"Dienstleistungen - Vila Muhr\",\"isPartOf\":{\"@id\":\"https:\/\/vilamuhr.si\/de\/#website\"},\"datePublished\":\"2024-12-15T00:05:29+00:00\",\"dateModified\":\"2025-08-29T21:56:44+00:00\",\"breadcrumb\":{\"@id\":\"https:\/\/vilamuhr.si\/de\/dienstleistungen\/#breadcrumb\"},\"inLanguage\":\"de\",\"potentialAction\":[{\"@type\":\"ReadAction\",\"target\":[\"https:\/\/vilamuhr.si\/de\/dienstleistungen\/\"]}]},{\"@type\":\"BreadcrumbList\",\"@id\":\"https:\/\/vilamuhr.si\/de\/dienstleistungen\/#breadcrumb\",\"itemListElement\":[{\"@type\":\"ListItem\",\"position\":1,\"name\":\"Home\",\"item\":\"https:\/\/vilamuhr.si\/de\/vila-muhr-gefluster-von-koniglicher-eleganz\/\"},{\"@type\":\"ListItem\",\"position\":2,\"name\":\"Dienstleistungen\"}]},{\"@type\":\"WebSite\",\"@id\":\"https:\/\/vilamuhr.si\/de\/#website\",\"url\":\"https:\/\/vilamuhr.si\/de\/\",\"name\":\"Vila Muhr\",\"description\":\"Vila Muhr\",\"publisher\":{\"@id\":\"https:\/\/vilamuhr.si\/de\/#organization\"},\"potentialAction\":[{\"@type\":\"SearchAction\",\"target\":{\"@type\":\"EntryPoint\",\"urlTemplate\":\"https:\/\/vilamuhr.si\/de\/?s={search_term_string}\"},\"query-input\":{\"@type\":\"PropertyValueSpecification\",\"valueRequired\":true,\"valueName\":\"search_term_string\"}}],\"inLanguage\":\"de\"},{\"@type\":\"Organization\",\"@id\":\"https:\/\/vilamuhr.si\/de\/#organization\",\"name\":\"Vila Muhr\",\"url\":\"https:\/\/vilamuhr.si\/de\/\",\"logo\":{\"@type\":\"ImageObject\",\"inLanguage\":\"de\",\"@id\":\"https:\/\/vilamuhr.si\/de\/#\/schema\/logo\/image\/\",\"url\":\"https:\/\/vilamuhr.si\/wp-content\/uploads\/2023\/08\/logo-2.png\",\"contentUrl\":\"https:\/\/vilamuhr.si\/wp-content\/uploads\/2023\/08\/logo-2.png\",\"width\":167,\"height\":149,\"caption\":\"Vila Muhr\"},\"image\":{\"@id\":\"https:\/\/vilamuhr.si\/de\/#\/schema\/logo\/image\/\"}}]}<\/script>\n<!-- \/ Yoast SEO plugin. -->","yoast_head_json":{"title":"Dienstleistungen - Vila Muhr","robots":{"index":"index","follow":"follow","max-snippet":"max-snippet:-1","max-image-preview":"max-image-preview:large","max-video-preview":"max-video-preview:-1"},"canonical":"https:\/\/vilamuhr.si\/de\/dienstleistungen\/","og_locale":"de_DE","og_type":"article","og_title":"Dienstleistungen - Vila Muhr","og_description":"Pers\u00f6nliche Aufmerksamkeit Concierge-Dienste In der Vila Muhr sorgt unser engagiertes Concierge-Team daf\u00fcr, dass Ihr Aufenthalt so angenehm und reibungslos wie m\u00f6glich verl\u00e4uft. Ganz gleich, ob Sie Hilfe bei Reservierungen, lokalen Empfehlungen oder pers\u00f6nlichen Erlebnissen ben\u00f6tigen, unser Concierge steht Ihnen gerne zur Seite. Mehr Ruhige Vergn\u00fcgungen Wellness &amp; Verw\u00f6hnung Das Wellness-Center im Hotel Bohinj bietet ein [&hellip;]","og_url":"https:\/\/vilamuhr.si\/de\/dienstleistungen\/","og_site_name":"Vila Muhr","article_modified_time":"2025-08-29T21:56:44+00:00","twitter_card":"summary_large_image","twitter_misc":{"Gesch\u00e4tzte Lesezeit":"1\u00a0Minute"},"schema":{"@context":"https:\/\/schema.org","@graph":[{"@type":"WebPage","@id":"https:\/\/vilamuhr.si\/de\/dienstleistungen\/","url":"https:\/\/vilamuhr.si\/de\/dienstleistungen\/","name":"Dienstleistungen - Vila Muhr","isPartOf":{"@id":"https:\/\/vilamuhr.si\/de\/#website"},"datePublished":"2024-12-15T00:05:29+00:00","dateModified":"2025-08-29T21:56:44+00:00","breadcrumb":{"@id":"https:\/\/vilamuhr.si\/de\/dienstleistungen\/#breadcrumb"},"inLanguage":"de","potentialAction":[{"@type":"ReadAction","target":["https:\/\/vilamuhr.si\/de\/dienstleistungen\/"]}]},{"@type":"BreadcrumbList","@id":"https:\/\/vilamuhr.si\/de\/dienstleistungen\/#breadcrumb","itemListElement":[{"@type":"ListItem","position":1,"name":"Home","item":"https:\/\/vilamuhr.si\/de\/vila-muhr-gefluster-von-koniglicher-eleganz\/"},{"@type":"ListItem","position":2,"name":"Dienstleistungen"}]},{"@type":"WebSite","@id":"https:\/\/vilamuhr.si\/de\/#website","url":"https:\/\/vilamuhr.si\/de\/","name":"Vila Muhr","description":"Vila Muhr","publisher":{"@id":"https:\/\/vilamuhr.si\/de\/#organization"},"potentialAction":[{"@type":"SearchAction","target":{"@type":"EntryPoint","urlTemplate":"https:\/\/vilamuhr.si\/de\/?s={search_term_string}"},"query-input":{"@type":"PropertyValueSpecification","valueRequired":true,"valueName":"search_term_string"}}],"inLanguage":"de"},{"@type":"Organization","@id":"https:\/\/vilamuhr.si\/de\/#organization","name":"Vila Muhr","url":"https:\/\/vilamuhr.si\/de\/","logo":{"@type":"ImageObject","inLanguage":"de","@id":"https:\/\/vilamuhr.si\/de\/#\/schema\/logo\/image\/","url":"https:\/\/vilamuhr.si\/wp-content\/uploads\/2023\/08\/logo-2.png","contentUrl":"https:\/\/vilamuhr.si\/wp-content\/uploads\/2023\/08\/logo-2.png","width":167,"height":149,"caption":"Vila Muhr"},"image":{"@id":"https:\/\/vilamuhr.si\/de\/#\/schema\/logo\/image\/"}}]}},"_links":{"self":[{"href":"https:\/\/vilamuhr.si\/de\/wp-json\/wp\/v2\/pages\/8106","targetHints":{"allow":["GET"]}}],"collection":[{"href":"https:\/\/vilamuhr.si\/de\/wp-json\/wp\/v2\/pages"}],"about":[{"href":"https:\/\/vilamuhr.si\/de\/wp-json\/wp\/v2\/types\/page"}],"author":[{"embeddable":true,"href":"https:\/\/vilamuhr.si\/de\/wp-json\/wp\/v2\/users\/1"}],"replies":[{"embeddable":true,"href":"https:\/\/vilamuhr.si\/de\/wp-json\/wp\/v2\/comments?post=8106"}],"version-history":[{"count":3,"href":"https:\/\/vilamuhr.si\/de\/wp-json\/wp\/v2\/pages\/8106\/revisions"}],"predecessor-version":[{"id":8266,"href":"https:\/\/vilamuhr.si\/de\/wp-json\/wp\/v2\/pages\/8106\/revisions\/8266"}],"wp:attachment":[{"href":"https:\/\/vilamuhr.si\/de\/wp-json\/wp\/v2\/media?parent=8106"}],"curies":[{"name":"wp","href":"https:\/\/api.w.org\/{rel}","templated":true}]}}