{"id":8099,"date":"2025-01-17T15:50:44","date_gmt":"2025-01-17T15:50:44","guid":{"rendered":"https:\/\/vilamuhr.si\/anfrage\/"},"modified":"2025-08-29T21:45:27","modified_gmt":"2025-08-29T21:45:27","slug":"anfrage","status":"publish","type":"page","link":"https:\/\/vilamuhr.si\/de\/anfrage\/","title":{"rendered":"Anfrage"},"content":{"rendered":"\t\t<div data-elementor-type=\"wp-page\" data-elementor-id=\"8099\" class=\"elementor elementor-8099 elementor-4763\" data-elementor-post-type=\"page\">\n\t\t\t\t<div data-dce-background-overlay-color=\"#000000\" data-dce-background-image-url=\"https:\/\/vilamuhr.si\/wp-content\/uploads\/2024\/10\/VM_hero-back.png\" class=\"elementor-element elementor-element-3f4594a e-flex e-con-boxed e-con e-parent\" data-id=\"3f4594a\" data-element_type=\"container\" data-settings=\"{&quot;background_background&quot;:&quot;classic&quot;}\">\n\t\t\t\t\t<div class=\"e-con-inner\">\n\t\t<div class=\"elementor-element elementor-element-874fb3e e-con-full e-flex e-con e-child\" data-id=\"874fb3e\" data-element_type=\"container\">\n\t\t\t\t<div class=\"elementor-element elementor-element-45873ff elementor-widget-mobile__width-inherit elementor-widget elementor-widget-heading\" data-id=\"45873ff\" data-element_type=\"widget\" data-widget_type=\"heading.default\">\n\t\t\t\t<div class=\"elementor-widget-container\">\n\t\t\t\t\t<h2 class=\"elementor-heading-title elementor-size-default\">Anfrage<\/h2>\t\t\t\t<\/div>\n\t\t\t\t<\/div>\n\t\t\t\t<div class=\"elementor-element elementor-element-4066d30 elementor-widget__width-initial elementor-widget-mobile__width-inherit elementor-widget elementor-widget-text-editor\" data-id=\"4066d30\" data-element_type=\"widget\" data-widget_type=\"text-editor.default\">\n\t\t\t\t<div class=\"elementor-widget-container\">\n\t\t\t\t\t\t\t\t\t<p>Vielen Dank f\u00fcr Ihr Interesse an der Vila Muhr, einem ruhigen und luxuri\u00f6sen R\u00fcckzugsort im Herzen von Bohinj, Slowenien. Ganz gleich, ob Sie einen erholsamen Urlaub, eine besondere Veranstaltung oder einen unvergesslichen Aufenthalt inmitten einer atemberaubenden Landschaft planen, wir sind hier, um Ihr Erlebnis au\u00dfergew\u00f6hnlich zu machen. <\/p>\t\t\t\t\t\t\t\t<\/div>\n\t\t\t\t<\/div>\n\t\t\t\t<\/div>\n\t\t\t\t\t<\/div>\n\t\t\t\t<\/div>\n\t\t<div class=\"elementor-element elementor-element-4c342db e-flex e-con-boxed e-con e-parent\" data-id=\"4c342db\" data-element_type=\"container\">\n\t\t\t\t\t<div class=\"e-con-inner\">\n\t\t<div class=\"elementor-element elementor-element-f7756f1 e-con-full e-flex e-con e-child\" data-id=\"f7756f1\" data-element_type=\"container\" data-settings=\"{&quot;background_background&quot;:&quot;classic&quot;}\">\n\t\t\t\t<div class=\"elementor-element elementor-element-b96bc60 elementor-widget elementor-widget-menu-anchor\" data-id=\"b96bc60\" data-element_type=\"widget\" data-widget_type=\"menu-anchor.default\">\n\t\t\t\t<div class=\"elementor-widget-container\">\n\t\t\t\t\t\t\t<div class=\"elementor-menu-anchor\" id=\"Anfrage\"><\/div>\n\t\t\t\t\t\t<\/div>\n\t\t\t\t<\/div>\n\t\t<div class=\"elementor-element elementor-element-c0b1571 e-con-full e-flex e-con e-child\" data-id=\"c0b1571\" data-element_type=\"container\">\n\t\t\t\t<div class=\"elementor-element elementor-element-6fcfb62 elementor-widget elementor-widget-heading\" data-id=\"6fcfb62\" data-element_type=\"widget\" data-widget_type=\"heading.default\">\n\t\t\t\t<div class=\"elementor-widget-container\">\n\t\t\t\t\t<h2 class=\"elementor-heading-title elementor-size-default\">Anfrage<\/h2>\t\t\t\t<\/div>\n\t\t\t\t<\/div>\n\t\t\t\t<div class=\"elementor-element elementor-element-5e66a7e elementor-widget elementor-widget-heading\" data-id=\"5e66a7e\" data-element_type=\"widget\" data-widget_type=\"heading.default\">\n\t\t\t\t<div class=\"elementor-widget-container\">\n\t\t\t\t\t<h2 class=\"elementor-heading-title elementor-size-default\">Ihre Anfrage abschicken<\/h2>\t\t\t\t<\/div>\n\t\t\t\t<\/div>\n\t\t\t\t<div class=\"elementor-element elementor-element-2635142 elementor-widget elementor-widget-template\" data-id=\"2635142\" data-element_type=\"widget\" data-widget_type=\"template.default\">\n\t\t\t\t<div class=\"elementor-widget-container\">\n\t\t\t\t\t\t\t<div class=\"elementor-template\">\n\t\t\t\t\t<div data-elementor-type=\"section\" data-elementor-id=\"8205\" class=\"elementor elementor-8205 elementor-4792\" data-elementor-post-type=\"elementor_library\">\n\t\t\t<div class=\"elementor-element elementor-element-2fd3f4f0 e-flex e-con-boxed e-con e-parent\" data-id=\"2fd3f4f0\" data-element_type=\"container\">\n\t\t\t\t\t<div class=\"e-con-inner\">\n\t\t\t\t<div class=\"elementor-element elementor-element-5b22f2a7 elementor-button-align-stretch elementor-widget elementor-widget-form\" data-id=\"5b22f2a7\" data-element_type=\"widget\" data-settings=\"{&quot;step_next_label&quot;:&quot;N\\u00e4chste&quot;,&quot;step_previous_label&quot;:&quot;Vorherige&quot;,&quot;button_width&quot;:&quot;100&quot;,&quot;step_type&quot;:&quot;number_text&quot;,&quot;step_icon_shape&quot;:&quot;circle&quot;,&quot;label_icon_size&quot;:{&quot;unit&quot;:&quot;px&quot;,&quot;size&quot;:&quot;&quot;,&quot;sizes&quot;:[]},&quot;field_icon_size&quot;:{&quot;unit&quot;:&quot;px&quot;,&quot;size&quot;:&quot;&quot;,&quot;sizes&quot;:[]}}\" data-widget_type=\"form.default\">\n\t\t\t\t<div class=\"elementor-widget-container\">\n\t\t\t\t\t\t\t<form class=\"elementor-form\" method=\"post\" name=\"Anfrage - Vila Muhr\" aria-label=\"Anfrage - Vila Muhr\">\n\t\t\t<input type=\"hidden\" name=\"post_id\" value=\"8205\"\/>\n\t\t\t<input type=\"hidden\" name=\"form_id\" value=\"5b22f2a7\"\/>\n\t\t\t<input type=\"hidden\" name=\"referer_title\" value=\"Vila Muhr\" \/>\n\n\t\t\t\n\t\t\t<div class=\"elementor-form-fields-wrapper elementor-labels-above\">\n\t\t\t\t\t\t\t\t<div class=\"elementor-field-type-text elementor-field-group elementor-column elementor-field-group-name elementor-col-50 elementor-field-required\">\n\t\t\t\t\t\t\t\t\t\t\t\t<label for=\"form-field-name\" class=\"elementor-field-label\">\n\t\t\t\t\t\t\t\tName\t\t\t\t\t\t\t<\/label>\n\t\t\t\t\t\t\t\t\t\t\t\t\t\t<input size=\"1\" type=\"text\" name=\"form_fields[name]\" id=\"form-field-name\" class=\"elementor-field elementor-size-sm  elementor-field-textual\" required=\"required\">\n\t\t\t\t\t\t\t\t\t\t\t<\/div>\n\t\t\t\t\t\t\t\t<div class=\"elementor-field-type-text elementor-field-group elementor-column elementor-field-group-surname elementor-col-50 elementor-field-required\">\n\t\t\t\t\t\t\t\t\t\t\t\t<label for=\"form-field-surname\" class=\"elementor-field-label\">\n\t\t\t\t\t\t\t\tNachname\t\t\t\t\t\t\t<\/label>\n\t\t\t\t\t\t\t\t\t\t\t\t\t\t<input size=\"1\" type=\"text\" name=\"form_fields[surname]\" id=\"form-field-surname\" class=\"elementor-field elementor-size-sm  elementor-field-textual\" required=\"required\">\n\t\t\t\t\t\t\t\t\t\t\t<\/div>\n\t\t\t\t\t\t\t\t<div class=\"elementor-field-type-email elementor-field-group elementor-column elementor-field-group-email elementor-col-100 elementor-field-required\">\n\t\t\t\t\t\t\t\t\t\t\t\t<label for=\"form-field-email\" class=\"elementor-field-label\">\n\t\t\t\t\t\t\t\tE-Mail\t\t\t\t\t\t\t<\/label>\n\t\t\t\t\t\t\t\t\t\t\t\t\t\t<input size=\"1\" type=\"email\" name=\"form_fields[email]\" id=\"form-field-email\" class=\"elementor-field elementor-size-sm  elementor-field-textual\" placeholder=\"@\" required=\"required\">\n\t\t\t\t\t\t\t\t\t\t\t<\/div>\n\t\t\t\t\t\t\t\t<div class=\"elementor-field-type-tel elementor-field-group elementor-column elementor-field-group-phone elementor-col-100 elementor-field-required\">\n\t\t\t\t\t\t\t\t\t\t\t\t<label for=\"form-field-phone\" class=\"elementor-field-label\">\n\t\t\t\t\t\t\t\tTelefon\t\t\t\t\t\t\t<\/label>\n\t\t\t\t\t\t\t\t<input size=\"1\" type=\"tel\" name=\"form_fields[phone]\" id=\"form-field-phone\" class=\"elementor-field elementor-size-sm  elementor-field-textual\" required=\"required\" pattern=\"[0-9()#&amp;+*-=.]+\" title=\"Nur Nummern oder Telefon-Zeichen (#, -, *, etc) werden akzeptiert.\">\n\n\t\t\t\t\t\t<\/div>\n\t\t\t\t\t\t\t\t<div class=\"elementor-field-type-date elementor-field-group elementor-column elementor-field-group-arrival elementor-col-100 elementor-field-required\">\n\t\t\t\t\t\t\t\t\t\t\t\t<label for=\"form-field-arrival\" class=\"elementor-field-label\">\n\t\t\t\t\t\t\t\tGesch\u00e4tztes Datum der Ankunft\t\t\t\t\t\t\t<\/label>\n\t\t\t\t\t\t\n\t\t<input type=\"date\" name=\"form_fields[arrival]\" id=\"form-field-arrival\" class=\"elementor-field elementor-size-sm  elementor-field-textual elementor-date-field\" required=\"required\" pattern=\"[0-9]{4}-[0-9]{2}-[0-9]{2}\">\n\t\t\t\t\t\t<\/div>\n\t\t\t\t\t\t\t\t<div class=\"elementor-field-type-select elementor-field-group elementor-column elementor-field-group-type elementor-col-100 elementor-field-required\">\n\t\t\t\t\t\t\t\t\t\t\t\t<label for=\"form-field-type\" class=\"elementor-field-label\">\n\t\t\t\t\t\t\t\tArt der Anfrage\t\t\t\t\t\t\t<\/label>\n\t\t\t\t\t\t\t\t<div class=\"elementor-field elementor-select-wrapper remove-before \">\n\t\t\t<div class=\"select-caret-down-wrapper\">\n\t\t\t\t<svg aria-hidden=\"true\" class=\"e-font-icon-svg e-eicon-caret-down\" viewBox=\"0 0 571.4 571.4\" xmlns=\"http:\/\/www.w3.org\/2000\/svg\"><path d=\"M571 393Q571 407 561 418L311 668Q300 679 286 679T261 668L11 418Q0 407 0 393T11 368 36 357H536Q550 357 561 368T571 393Z\"><\/path><\/svg>\t\t\t<\/div>\n\t\t\t<select name=\"form_fields[type]\" id=\"form-field-type\" class=\"elementor-field-textual elementor-size-sm\" required=\"required\">\n\t\t\t\t\t\t\t\t\t<option value=\"Suite\">Suite<\/option>\n\t\t\t\t\t\t\t\t\t<option value=\"Gesamtes Anwesen\">Gesamtes Anwesen<\/option>\n\t\t\t\t\t\t\t\t\t<option value=\"Restaurant\">Restaurant<\/option>\n\t\t\t\t\t\t\t\t\t<option value=\"Veranstaltung\/Kongress\">Veranstaltung\/Kongress<\/option>\n\t\t\t\t\t\t\t<\/select>\n\t\t<\/div>\n\t\t\t\t\t\t<\/div>\n\t\t\t\t\t\t\t\t<div class=\"elementor-field-type-textarea elementor-field-group elementor-column elementor-field-group-message elementor-col-100 elementor-field-required\">\n\t\t\t\t\t\t\t\t\t\t\t\t<label for=\"form-field-message\" class=\"elementor-field-label\">\n\t\t\t\t\t\t\t\tNachricht\t\t\t\t\t\t\t<\/label>\n\t\t\t\t\t\t<textarea class=\"elementor-field-textual elementor-field  elementor-size-sm\" name=\"form_fields[message]\" id=\"form-field-message\" rows=\"4\" placeholder=\"Beginnen Sie hier zu schreiben ...\" required=\"required\"><\/textarea>\t\t\t\t<\/div>\n\t\t\t\t\t\t\t\t<div class=\"elementor-field-group elementor-column elementor-field-type-submit elementor-col-100 e-form__buttons\">\n\t\t\t\t\t<button class=\"elementor-button elementor-size-sm\" type=\"submit\">\n\t\t\t\t\t\t<span class=\"elementor-button-content-wrapper\">\n\t\t\t\t\t\t\t\t\t\t\t\t\t\t\t\t\t\t\t\t\t\t<span class=\"elementor-button-text\">Einreichen<\/span>\n\t\t\t\t\t\t\t\t\t\t\t\t\t<\/span>\n\t\t\t\t\t<\/button>\n\t\t\t\t<\/div>\n\t\t\t<\/div>\n\t\t<\/form>\n\t\t\t\t\t\t<\/div>\n\t\t\t\t<\/div>\n\t\t\t\t\t<\/div>\n\t\t\t\t<\/div>\n\t\t\t\t<\/div>\n\t\t\t\t<\/div>\n\t\t\t\t\t\t<\/div>\n\t\t\t\t<\/div>\n\t\t\t\t<\/div>\n\t\t\t\t<\/div>\n\t\t\t\t\t<\/div>\n\t\t\t\t<\/div>\n\t\t\t\t<\/div>\n\t\t","protected":false},"excerpt":{"rendered":"<p>Vielen Dank f\u00fcr Ihr Interesse an der Vila Muhr, einem ruhigen und luxuri\u00f6sen R\u00fcckzugsort im Herzen von Bohinj, Slowenien. Ganz gleich, ob Sie einen erholsamen Urlaub, eine besondere Veranstaltung oder einen unvergesslichen Aufenthalt inmitten einer atemberaubenden Landschaft planen, wir sind hier, um Ihr Erlebnis au\u00dfergew\u00f6hnlich zu machen. Anfrage Ihre Anfrage abschicken<\/p>\n","protected":false},"author":1,"featured_media":0,"parent":0,"menu_order":0,"comment_status":"closed","ping_status":"closed","template":"","meta":{"_acf_changed":false,"inline_featured_image":false,"footnotes":""},"class_list":["post-8099","page","type-page","status-publish","hentry"],"acf":[],"yoast_head":"<!-- This site is optimized with the Yoast SEO plugin v26.1.1 - https:\/\/yoast.com\/wordpress\/plugins\/seo\/ -->\n<title>Anfrage - Vila Muhr<\/title>\n<meta name=\"robots\" content=\"index, follow, max-snippet:-1, max-image-preview:large, max-video-preview:-1\" \/>\n<link rel=\"canonical\" href=\"https:\/\/vilamuhr.si\/de\/anfrage\/\" \/>\n<meta property=\"og:locale\" content=\"de_DE\" \/>\n<meta property=\"og:type\" content=\"article\" \/>\n<meta property=\"og:title\" content=\"Anfrage - Vila Muhr\" \/>\n<meta property=\"og:description\" content=\"Vielen Dank f\u00fcr Ihr Interesse an der Vila Muhr, einem ruhigen und luxuri\u00f6sen R\u00fcckzugsort im Herzen von Bohinj, Slowenien. Ganz gleich, ob Sie einen erholsamen Urlaub, eine besondere Veranstaltung oder einen unvergesslichen Aufenthalt inmitten einer atemberaubenden Landschaft planen, wir sind hier, um Ihr Erlebnis au\u00dfergew\u00f6hnlich zu machen. Anfrage Ihre Anfrage abschicken\" \/>\n<meta property=\"og:url\" content=\"https:\/\/vilamuhr.si\/de\/anfrage\/\" \/>\n<meta property=\"og:site_name\" content=\"Vila Muhr\" \/>\n<meta property=\"article:modified_time\" content=\"2025-08-29T21:45:27+00:00\" \/>\n<meta name=\"twitter:card\" content=\"summary_large_image\" \/>\n<script type=\"application\/ld+json\" class=\"yoast-schema-graph\">{\"@context\":\"https:\/\/schema.org\",\"@graph\":[{\"@type\":\"WebPage\",\"@id\":\"https:\/\/vilamuhr.si\/de\/anfrage\/\",\"url\":\"https:\/\/vilamuhr.si\/de\/anfrage\/\",\"name\":\"Anfrage - Vila Muhr\",\"isPartOf\":{\"@id\":\"https:\/\/vilamuhr.si\/de\/#website\"},\"datePublished\":\"2025-01-17T15:50:44+00:00\",\"dateModified\":\"2025-08-29T21:45:27+00:00\",\"breadcrumb\":{\"@id\":\"https:\/\/vilamuhr.si\/de\/anfrage\/#breadcrumb\"},\"inLanguage\":\"de\",\"potentialAction\":[{\"@type\":\"ReadAction\",\"target\":[\"https:\/\/vilamuhr.si\/de\/anfrage\/\"]}]},{\"@type\":\"BreadcrumbList\",\"@id\":\"https:\/\/vilamuhr.si\/de\/anfrage\/#breadcrumb\",\"itemListElement\":[{\"@type\":\"ListItem\",\"position\":1,\"name\":\"Home\",\"item\":\"https:\/\/vilamuhr.si\/de\/vila-muhr-gefluster-von-koniglicher-eleganz\/\"},{\"@type\":\"ListItem\",\"position\":2,\"name\":\"Anfrage\"}]},{\"@type\":\"WebSite\",\"@id\":\"https:\/\/vilamuhr.si\/de\/#website\",\"url\":\"https:\/\/vilamuhr.si\/de\/\",\"name\":\"Vila Muhr\",\"description\":\"Vila Muhr\",\"publisher\":{\"@id\":\"https:\/\/vilamuhr.si\/de\/#organization\"},\"potentialAction\":[{\"@type\":\"SearchAction\",\"target\":{\"@type\":\"EntryPoint\",\"urlTemplate\":\"https:\/\/vilamuhr.si\/de\/?s={search_term_string}\"},\"query-input\":{\"@type\":\"PropertyValueSpecification\",\"valueRequired\":true,\"valueName\":\"search_term_string\"}}],\"inLanguage\":\"de\"},{\"@type\":\"Organization\",\"@id\":\"https:\/\/vilamuhr.si\/de\/#organization\",\"name\":\"Vila Muhr\",\"url\":\"https:\/\/vilamuhr.si\/de\/\",\"logo\":{\"@type\":\"ImageObject\",\"inLanguage\":\"de\",\"@id\":\"https:\/\/vilamuhr.si\/de\/#\/schema\/logo\/image\/\",\"url\":\"https:\/\/vilamuhr.si\/wp-content\/uploads\/2023\/08\/logo-2.png\",\"contentUrl\":\"https:\/\/vilamuhr.si\/wp-content\/uploads\/2023\/08\/logo-2.png\",\"width\":167,\"height\":149,\"caption\":\"Vila Muhr\"},\"image\":{\"@id\":\"https:\/\/vilamuhr.si\/de\/#\/schema\/logo\/image\/\"}}]}<\/script>\n<!-- \/ Yoast SEO plugin. -->","yoast_head_json":{"title":"Anfrage - Vila Muhr","robots":{"index":"index","follow":"follow","max-snippet":"max-snippet:-1","max-image-preview":"max-image-preview:large","max-video-preview":"max-video-preview:-1"},"canonical":"https:\/\/vilamuhr.si\/de\/anfrage\/","og_locale":"de_DE","og_type":"article","og_title":"Anfrage - Vila Muhr","og_description":"Vielen Dank f\u00fcr Ihr Interesse an der Vila Muhr, einem ruhigen und luxuri\u00f6sen R\u00fcckzugsort im Herzen von Bohinj, Slowenien. Ganz gleich, ob Sie einen erholsamen Urlaub, eine besondere Veranstaltung oder einen unvergesslichen Aufenthalt inmitten einer atemberaubenden Landschaft planen, wir sind hier, um Ihr Erlebnis au\u00dfergew\u00f6hnlich zu machen. Anfrage Ihre Anfrage abschicken","og_url":"https:\/\/vilamuhr.si\/de\/anfrage\/","og_site_name":"Vila Muhr","article_modified_time":"2025-08-29T21:45:27+00:00","twitter_card":"summary_large_image","schema":{"@context":"https:\/\/schema.org","@graph":[{"@type":"WebPage","@id":"https:\/\/vilamuhr.si\/de\/anfrage\/","url":"https:\/\/vilamuhr.si\/de\/anfrage\/","name":"Anfrage - Vila Muhr","isPartOf":{"@id":"https:\/\/vilamuhr.si\/de\/#website"},"datePublished":"2025-01-17T15:50:44+00:00","dateModified":"2025-08-29T21:45:27+00:00","breadcrumb":{"@id":"https:\/\/vilamuhr.si\/de\/anfrage\/#breadcrumb"},"inLanguage":"de","potentialAction":[{"@type":"ReadAction","target":["https:\/\/vilamuhr.si\/de\/anfrage\/"]}]},{"@type":"BreadcrumbList","@id":"https:\/\/vilamuhr.si\/de\/anfrage\/#breadcrumb","itemListElement":[{"@type":"ListItem","position":1,"name":"Home","item":"https:\/\/vilamuhr.si\/de\/vila-muhr-gefluster-von-koniglicher-eleganz\/"},{"@type":"ListItem","position":2,"name":"Anfrage"}]},{"@type":"WebSite","@id":"https:\/\/vilamuhr.si\/de\/#website","url":"https:\/\/vilamuhr.si\/de\/","name":"Vila Muhr","description":"Vila Muhr","publisher":{"@id":"https:\/\/vilamuhr.si\/de\/#organization"},"potentialAction":[{"@type":"SearchAction","target":{"@type":"EntryPoint","urlTemplate":"https:\/\/vilamuhr.si\/de\/?s={search_term_string}"},"query-input":{"@type":"PropertyValueSpecification","valueRequired":true,"valueName":"search_term_string"}}],"inLanguage":"de"},{"@type":"Organization","@id":"https:\/\/vilamuhr.si\/de\/#organization","name":"Vila Muhr","url":"https:\/\/vilamuhr.si\/de\/","logo":{"@type":"ImageObject","inLanguage":"de","@id":"https:\/\/vilamuhr.si\/de\/#\/schema\/logo\/image\/","url":"https:\/\/vilamuhr.si\/wp-content\/uploads\/2023\/08\/logo-2.png","contentUrl":"https:\/\/vilamuhr.si\/wp-content\/uploads\/2023\/08\/logo-2.png","width":167,"height":149,"caption":"Vila Muhr"},"image":{"@id":"https:\/\/vilamuhr.si\/de\/#\/schema\/logo\/image\/"}}]}},"_links":{"self":[{"href":"https:\/\/vilamuhr.si\/de\/wp-json\/wp\/v2\/pages\/8099","targetHints":{"allow":["GET"]}}],"collection":[{"href":"https:\/\/vilamuhr.si\/de\/wp-json\/wp\/v2\/pages"}],"about":[{"href":"https:\/\/vilamuhr.si\/de\/wp-json\/wp\/v2\/types\/page"}],"author":[{"embeddable":true,"href":"https:\/\/vilamuhr.si\/de\/wp-json\/wp\/v2\/users\/1"}],"replies":[{"embeddable":true,"href":"https:\/\/vilamuhr.si\/de\/wp-json\/wp\/v2\/comments?post=8099"}],"version-history":[{"count":1,"href":"https:\/\/vilamuhr.si\/de\/wp-json\/wp\/v2\/pages\/8099\/revisions"}],"predecessor-version":[{"id":8101,"href":"https:\/\/vilamuhr.si\/de\/wp-json\/wp\/v2\/pages\/8099\/revisions\/8101"}],"wp:attachment":[{"href":"https:\/\/vilamuhr.si\/de\/wp-json\/wp\/v2\/media?parent=8099"}],"curies":[{"name":"wp","href":"https:\/\/api.w.org\/{rel}","templated":true}]}}